{"id":1205,"date":"2024-07-30T16:28:02","date_gmt":"2024-07-30T19:28:02","guid":{"rendered":"http:\/\/unichem.provisorio.ws\/?page_id=1205"},"modified":"2024-10-25T11:23:09","modified_gmt":"2024-10-25T14:23:09","slug":"quem-somos","status":"publish","type":"page","link":"https:\/\/unichembrasil.com.br\/en\/quem-somos\/","title":{"rendered":"Who We Are"},"content":{"rendered":"<div data-elementor-type=\"wp-page\" data-elementor-id=\"1205\" class=\"elementor elementor-1205\">\n\t\t\t\t<div class=\"elementor-element elementor-element-7f7ffe2 e-flex e-con-boxed e-con e-parent\" data-id=\"7f7ffe2\" data-element_type=\"container\" data-settings=\"{&quot;background_background&quot;:&quot;slideshow&quot;,&quot;background_slideshow_gallery&quot;:[{&quot;id&quot;:1211,&quot;url&quot;:&quot;https:\\\/\\\/unichembrasil.com.br\\\/wp-content\\\/uploads\\\/2024\\\/07\\\/backg-quem-somos.jpg&quot;}],&quot;background_slideshow_loop&quot;:&quot;yes&quot;,&quot;background_slideshow_slide_duration&quot;:5000,&quot;background_slideshow_slide_transition&quot;:&quot;fade&quot;,&quot;background_slideshow_transition_duration&quot;:500}\">\n\t\t\t\t\t<div class=\"e-con-inner\">\n\t\t\t\t<div class=\"elementor-element elementor-element-8fe3551 elementor-widget elementor-widget-heading\" data-id=\"8fe3551\" data-element_type=\"widget\" data-widget_type=\"heading.default\">\n\t\t\t\t<div class=\"elementor-widget-container\">\n\t\t\t\t\t<h2 class=\"elementor-heading-title elementor-size-default\">Who We Are<\/h2>\t\t\t\t<\/div>\n\t\t\t\t<\/div>\n\t\t\t\t<div class=\"elementor-element elementor-element-f811701 elementor-widget elementor-widget-heading\" data-id=\"f811701\" data-element_type=\"widget\" data-widget_type=\"heading.default\">\n\t\t\t\t<div class=\"elementor-widget-container\">\n\t\t\t\t\t<h2 class=\"elementor-heading-title elementor-size-default\">Get to Know Unichem<\/h2>\t\t\t\t<\/div>\n\t\t\t\t<\/div>\n\t\t\t\t\t<\/div>\n\t\t\t\t<\/div>\n\t\t<div class=\"elementor-element elementor-element-01f5b19 e-flex e-con-boxed e-con e-parent\" data-id=\"01f5b19\" data-element_type=\"container\">\n\t\t\t\t\t<div class=\"e-con-inner\">\n\t\t<div class=\"elementor-element elementor-element-f7914fe e-con-full e-flex e-con e-child\" data-id=\"f7914fe\" data-element_type=\"container\" data-settings=\"{&quot;background_background&quot;:&quot;slideshow&quot;,&quot;background_slideshow_gallery&quot;:[],&quot;background_slideshow_loop&quot;:&quot;yes&quot;,&quot;background_slideshow_slide_duration&quot;:5000,&quot;background_slideshow_slide_transition&quot;:&quot;fade&quot;,&quot;background_slideshow_transition_duration&quot;:500}\">\n\t\t\t\t<div class=\"elementor-element elementor-element-cbd1e7c elementor-hidden-tablet elementor-hidden-mobile elementor-widget elementor-widget-spacer\" data-id=\"cbd1e7c\" data-element_type=\"widget\" data-widget_type=\"spacer.default\">\n\t\t\t\t<div class=\"elementor-widget-container\">\n\t\t\t\t\t\t\t<div class=\"elementor-spacer\">\n\t\t\t<div class=\"elementor-spacer-inner\"><\/div>\n\t\t<\/div>\n\t\t\t\t\t\t<\/div>\n\t\t\t\t<\/div>\n\t\t\t\t<div class=\"elementor-element elementor-element-bf22839 elementor-invisible elementor-widget elementor-widget-image\" data-id=\"bf22839\" data-element_type=\"widget\" data-settings=\"{&quot;_animation&quot;:&quot;fadeIn&quot;}\" data-widget_type=\"image.default\">\n\t\t\t\t<div class=\"elementor-widget-container\">\n\t\t\t\t\t\t\t\t\t\t\t\t\t\t\t<img fetchpriority=\"high\" decoding=\"async\" width=\"960\" height=\"540\" src=\"https:\/\/unichembrasil.com.br\/wp-content\/uploads\/2024\/07\/sobre-nos.jpg\" class=\"attachment-large size-large wp-image-1213\" alt=\"\" \/>\t\t\t\t\t\t\t\t\t\t\t\t\t\t\t<\/div>\n\t\t\t\t<\/div>\n\t\t\t\t<\/div>\n\t\t<div class=\"elementor-element elementor-element-7212070 e-con-full e-flex e-con e-child\" data-id=\"7212070\" data-element_type=\"container\">\n\t\t\t\t<div class=\"elementor-element elementor-element-6a3763d elementor-widget elementor-widget-heading\" data-id=\"6a3763d\" data-element_type=\"widget\" data-widget_type=\"heading.default\">\n\t\t\t\t<div class=\"elementor-widget-container\">\n\t\t\t\t\t<h1 class=\"elementor-heading-title elementor-size-default\">Hello, nice to meet you! We are<\/h1>\t\t\t\t<\/div>\n\t\t\t\t<\/div>\n\t\t\t\t<div class=\"elementor-element elementor-element-31cb282 elementor-widget elementor-widget-image\" data-id=\"31cb282\" data-element_type=\"widget\" data-widget_type=\"image.default\">\n\t\t\t\t<div class=\"elementor-widget-container\">\n\t\t\t\t\t\t\t\t\t\t\t\t\t\t\t<img decoding=\"async\" width=\"375\" height=\"35\" src=\"https:\/\/unichembrasil.com.br\/wp-content\/uploads\/2024\/09\/unichem-txt.png\" class=\"attachment-large size-large wp-image-2284\" alt=\"\" \/>\t\t\t\t\t\t\t\t\t\t\t\t\t\t\t<\/div>\n\t\t\t\t<\/div>\n\t\t\t\t<div class=\"elementor-element elementor-element-d0387f2 elementor-widget elementor-widget-text-editor\" data-id=\"d0387f2\" data-element_type=\"widget\" data-widget_type=\"text-editor.default\">\n\t\t\t\t<div class=\"elementor-widget-container\">\n\t\t\t\t\t\t\t\t\t<p>Unichem Farmac\u00eautica do Brasil Ltda., a leading pharmaceutical company committed to improving health and well-being through innovative and high-quality healthcare solutions. The company operates with the mission to provide affordable, effective, and safe medications to patients, addressing diverse medical needs across various therapeutic areas. Unichem Farmac\u00eautica focuses on the growing demand for generics in Brazil and other Latin American markets and currently markets and distributes several products approved by ANVISA. <b>Unichem Farmac\u00eautica is committed to providing mass accessibility to high-quality and affordable medications.<\/b>.<\/p><p>Unichem Farmac\u00eautica is proud to adhere to strict quality standards and regulatory compliance, ensuring that all products meet the highest standards of efficacy and safety. With a dedicated team of professionals and a robust infrastructure, Unichem Farmac\u00eautica is well-positioned to make a significant contribution to the healthcare sector in Brazil and beyond. The company fosters a culture of continuous improvement and innovation, striving to improve patient outcomes and advance the frontiers of medical science.<\/p><p><span style=\"color: var( --e-global-color-text ); font-family: var( --e-global-typography-text-font-family ), Sans-serif; font-size: var( --e-global-typography-text-font-size ); font-weight: var( --e-global-typography-text-font-weight ); letter-spacing: 0px;\">Unichem Farmac\u00eautica do Brasil Ltda. is a wholly owned subsidiary of Unichem Laboratories Limited, <\/span><b style=\"color: var( --e-global-color-text ); font-family: var( --e-global-typography-text-font-family ), Sans-serif; font-size: var( --e-global-typography-text-font-size ); letter-spacing: 0px;\">established with the vision of exploring the vast potential of the Brazilian pharmaceutical market<\/b><span style=\"color: var( --e-global-color-text ); font-family: var( --e-global-typography-text-font-family ), Sans-serif; font-size: var( --e-global-typography-text-font-size ); font-weight: var( --e-global-typography-text-font-weight ); letter-spacing: 0px;\">. Most of our products are vertically integrated with in-house Active Pharmaceutical Ingredients (APIs). Unichem Farmac\u00eautica has a growing list of products approved by ANVISA and a strong pipeline of products to support our growth plans <\/span><b style=\"color: var( --e-global-color-text ); font-family: var( --e-global-typography-text-font-family ), Sans-serif; font-size: var( --e-global-typography-text-font-size ); letter-spacing: 0px;\">and meet the needs of the Brazilian pharmaceutical market.<\/b><span style=\"color: var( --e-global-color-text ); font-family: var( --e-global-typography-text-font-family ), Sans-serif; font-size: var( --e-global-typography-text-font-size ); font-weight: var( --e-global-typography-text-font-weight ); letter-spacing: 0px;\">.<\/span><\/p>\t\t\t\t\t\t\t\t<\/div>\n\t\t\t\t<\/div>\n\t\t\t\t<\/div>\n\t\t\t\t\t<\/div>\n\t\t\t\t<\/div>\n\t\t<div class=\"elementor-element elementor-element-ad52a20 e-flex e-con-boxed e-con e-parent\" data-id=\"ad52a20\" data-element_type=\"container\">\n\t\t\t\t\t<div class=\"e-con-inner\">\n\t\t<div class=\"elementor-element elementor-element-848b7ee e-con-full e-flex e-con e-child\" data-id=\"848b7ee\" data-element_type=\"container\" data-settings=\"{&quot;background_background&quot;:&quot;slideshow&quot;,&quot;background_slideshow_gallery&quot;:[],&quot;background_slideshow_loop&quot;:&quot;yes&quot;,&quot;background_slideshow_slide_duration&quot;:5000,&quot;background_slideshow_slide_transition&quot;:&quot;fade&quot;,&quot;background_slideshow_transition_duration&quot;:500}\">\n\t\t\t\t<div class=\"elementor-element elementor-element-4b95c69 elementor-hidden-tablet elementor-hidden-mobile elementor-widget elementor-widget-spacer\" data-id=\"4b95c69\" data-element_type=\"widget\" data-widget_type=\"spacer.default\">\n\t\t\t\t<div class=\"elementor-widget-container\">\n\t\t\t\t\t\t\t<div class=\"elementor-spacer\">\n\t\t\t<div class=\"elementor-spacer-inner\"><\/div>\n\t\t<\/div>\n\t\t\t\t\t\t<\/div>\n\t\t\t\t<\/div>\n\t\t\t\t<div class=\"elementor-element elementor-element-779aec7 elementor-widget elementor-widget-heading\" data-id=\"779aec7\" data-element_type=\"widget\" data-widget_type=\"heading.default\">\n\t\t\t\t<div class=\"elementor-widget-container\">\n\t\t\t\t\t<h1 class=\"elementor-heading-title elementor-size-default\">Presence in more than\n<\/h1>\t\t\t\t<\/div>\n\t\t\t\t<\/div>\n\t\t\t\t<div class=\"elementor-element elementor-element-304cfe5 elementor-widget elementor-widget-heading\" data-id=\"304cfe5\" data-element_type=\"widget\" data-widget_type=\"heading.default\">\n\t\t\t\t<div class=\"elementor-widget-container\">\n\t\t\t\t\t<h1 class=\"elementor-heading-title elementor-size-default\">50 countries\n<\/h1>\t\t\t\t<\/div>\n\t\t\t\t<\/div>\n\t\t\t\t<div class=\"elementor-element elementor-element-84e2778 elementor-widget-divider--view-line elementor-widget elementor-widget-divider\" data-id=\"84e2778\" data-element_type=\"widget\" data-widget_type=\"divider.default\">\n\t\t\t\t<div class=\"elementor-widget-container\">\n\t\t\t\t\t\t\t<div class=\"elementor-divider\">\n\t\t\t<span class=\"elementor-divider-separator\">\n\t\t\t\t\t\t<\/span>\n\t\t<\/div>\n\t\t\t\t\t\t<\/div>\n\t\t\t\t<\/div>\n\t\t\t\t<div class=\"elementor-element elementor-element-a655e8e elementor-widget elementor-widget-heading\" data-id=\"a655e8e\" data-element_type=\"widget\" data-widget_type=\"heading.default\">\n\t\t\t\t<div class=\"elementor-widget-container\">\n\t\t\t\t\t<h2 class=\"elementor-heading-title elementor-size-default\">Unichem Around the World<\/h2>\t\t\t\t<\/div>\n\t\t\t\t<\/div>\n\t\t<div class=\"elementor-element elementor-element-646386f e-grid e-con-boxed e-con e-child\" data-id=\"646386f\" data-element_type=\"container\">\n\t\t\t\t\t<div class=\"e-con-inner\">\n\t\t\t\t<div class=\"elementor-element elementor-element-8a41869 elementor-position-top elementor-widget elementor-widget-image-box\" data-id=\"8a41869\" data-element_type=\"widget\" data-widget_type=\"image-box.default\">\n\t\t\t\t<div class=\"elementor-widget-container\">\n\t\t\t\t\t<div class=\"elementor-image-box-wrapper\"><figure class=\"elementor-image-box-img\"><a href=\"https:\/\/www.unichemlabs.com\/\" target=\"_blank\" tabindex=\"-1\"><img decoding=\"async\" width=\"50\" height=\"33\" src=\"https:\/\/unichembrasil.com.br\/wp-content\/uploads\/2024\/09\/flag-india.png\" class=\"attachment-full size-full wp-image-2565\" alt=\"\" \/><\/a><\/figure><div class=\"elementor-image-box-content\"><h3 class=\"elementor-image-box-title\"><a href=\"https:\/\/www.unichemlabs.com\/\" target=\"_blank\">India<\/a><\/h3><\/div><\/div>\t\t\t\t<\/div>\n\t\t\t\t<\/div>\n\t\t\t\t<div class=\"elementor-element elementor-element-70e13b9 elementor-position-top elementor-widget elementor-widget-image-box\" data-id=\"70e13b9\" data-element_type=\"widget\" data-widget_type=\"image-box.default\">\n\t\t\t\t<div class=\"elementor-widget-container\">\n\t\t\t\t\t<div class=\"elementor-image-box-wrapper\"><figure class=\"elementor-image-box-img\"><a href=\"http:\/\/www.unichemusa.com\/\" target=\"_blank\" tabindex=\"-1\"><img loading=\"lazy\" decoding=\"async\" width=\"50\" height=\"26\" src=\"https:\/\/unichembrasil.com.br\/wp-content\/uploads\/2024\/09\/flag-usa.png\" class=\"attachment-full size-full wp-image-2566\" alt=\"\" \/><\/a><\/figure><div class=\"elementor-image-box-content\"><h3 class=\"elementor-image-box-title\"><a href=\"http:\/\/www.unichemusa.com\/\" target=\"_blank\">EUA<\/a><\/h3><\/div><\/div>\t\t\t\t<\/div>\n\t\t\t\t<\/div>\n\t\t\t\t<div class=\"elementor-element elementor-element-4b1732a elementor-position-top elementor-widget elementor-widget-image-box\" data-id=\"4b1732a\" data-element_type=\"widget\" data-widget_type=\"image-box.default\">\n\t\t\t\t<div class=\"elementor-widget-container\">\n\t\t\t\t\t<div class=\"elementor-image-box-wrapper\"><figure class=\"elementor-image-box-img\"><a href=\"https:\/\/www.nichegenerics.com\/aboutus.htm\" target=\"_blank\" tabindex=\"-1\"><img loading=\"lazy\" decoding=\"async\" width=\"50\" height=\"33\" src=\"https:\/\/unichembrasil.com.br\/wp-content\/uploads\/2024\/09\/flag-uniao-europeia.png\" class=\"attachment-full size-full wp-image-2567\" alt=\"\" \/><\/a><\/figure><div class=\"elementor-image-box-content\"><h3 class=\"elementor-image-box-title\"><a href=\"https:\/\/www.nichegenerics.com\/aboutus.htm\" target=\"_blank\">Europe<\/a><\/h3><\/div><\/div>\t\t\t\t<\/div>\n\t\t\t\t<\/div>\n\t\t\t\t<div class=\"elementor-element elementor-element-0328307 elementor-position-top elementor-widget elementor-widget-image-box\" data-id=\"0328307\" data-element_type=\"widget\" data-widget_type=\"image-box.default\">\n\t\t\t\t<div class=\"elementor-widget-container\">\n\t\t\t\t\t<div class=\"elementor-image-box-wrapper\"><figure class=\"elementor-image-box-img\"><a href=\"https:\/\/www.unichemlabs.com\/acasia.php\" target=\"_blank\" tabindex=\"-1\"><img loading=\"lazy\" decoding=\"async\" width=\"50\" height=\"33\" src=\"https:\/\/unichembrasil.com.br\/wp-content\/uploads\/2024\/09\/flag-acasia.jpg\" class=\"attachment-full size-full wp-image-2635\" alt=\"\" \/><\/a><\/figure><div class=\"elementor-image-box-content\"><h3 class=\"elementor-image-box-title\"><a href=\"https:\/\/www.unichemlabs.com\/acasia.php\" target=\"_blank\">ACASIA<\/a><\/h3><\/div><\/div>\t\t\t\t<\/div>\n\t\t\t\t<\/div>\n\t\t\t\t\t<\/div>\n\t\t\t\t<\/div>\n\t\t\t\t<\/div>\n\t\t<div class=\"elementor-element elementor-element-f17c478 e-con-full e-flex e-con e-child\" data-id=\"f17c478\" data-element_type=\"container\">\n\t\t\t\t<div class=\"elementor-element elementor-element-ae6a30b elementor-widget elementor-widget-image\" data-id=\"ae6a30b\" data-element_type=\"widget\" data-widget_type=\"image.default\">\n\t\t\t\t<div class=\"elementor-widget-container\">\n\t\t\t\t\t\t\t\t\t\t\t\t\t\t\t<img loading=\"lazy\" decoding=\"async\" width=\"800\" height=\"426\" src=\"https:\/\/unichembrasil.com.br\/wp-content\/uploads\/2024\/10\/mapa-unichem.png\" class=\"attachment-large size-large wp-image-2871\" alt=\"\" \/>\t\t\t\t\t\t\t\t\t\t\t\t\t\t\t<\/div>\n\t\t\t\t<\/div>\n\t\t\t\t<\/div>\n\t\t\t\t\t<\/div>\n\t\t\t\t<\/div>\n\t\t<div class=\"elementor-element elementor-element-54d5b1e e-flex e-con-boxed e-con e-parent\" data-id=\"54d5b1e\" data-element_type=\"container\">\n\t\t\t\t\t<div class=\"e-con-inner\">\n\t\t\t\t<div class=\"elementor-element elementor-element-3e19e6f elementor-hidden-tablet elementor-hidden-mobile elementor-widget elementor-widget-spacer\" data-id=\"3e19e6f\" data-element_type=\"widget\" data-widget_type=\"spacer.default\">\n\t\t\t\t<div class=\"elementor-widget-container\">\n\t\t\t\t\t\t\t<div class=\"elementor-spacer\">\n\t\t\t<div class=\"elementor-spacer-inner\"><\/div>\n\t\t<\/div>\n\t\t\t\t\t\t<\/div>\n\t\t\t\t<\/div>\n\t\t\t\t<div class=\"elementor-element elementor-element-0282306 elementor-hidden-desktop elementor-widget elementor-widget-spacer\" data-id=\"0282306\" data-element_type=\"widget\" data-widget_type=\"spacer.default\">\n\t\t\t\t<div class=\"elementor-widget-container\">\n\t\t\t\t\t\t\t<div class=\"elementor-spacer\">\n\t\t\t<div class=\"elementor-spacer-inner\"><\/div>\n\t\t<\/div>\n\t\t\t\t\t\t<\/div>\n\t\t\t\t<\/div>\n\t\t\t\t<div class=\"elementor-element elementor-element-c26d9d3 elementor-widget elementor-widget-heading\" data-id=\"c26d9d3\" data-element_type=\"widget\" data-widget_type=\"heading.default\">\n\t\t\t\t<div class=\"elementor-widget-container\">\n\t\t\t\t\t<h1 class=\"elementor-heading-title elementor-size-default\">Unichem Factories are certified by major international regulatory agencies.<\/h1>\t\t\t\t<\/div>\n\t\t\t\t<\/div>\n\t\t\t\t\t<\/div>\n\t\t\t\t<\/div>\n\t\t<div class=\"elementor-element elementor-element-3112c1a e-flex e-con-boxed e-con e-parent\" data-id=\"3112c1a\" data-element_type=\"container\">\n\t\t\t\t\t<div class=\"e-con-inner\">\n\t\t\t\t<div class=\"elementor-element elementor-element-e7f841c elementor-widget elementor-widget-image\" data-id=\"e7f841c\" data-element_type=\"widget\" data-widget_type=\"image.default\">\n\t\t\t\t<div class=\"elementor-widget-container\">\n\t\t\t\t\t\t\t\t\t\t\t\t\t\t\t<img loading=\"lazy\" decoding=\"async\" width=\"53\" height=\"47\" src=\"https:\/\/unichembrasil.com.br\/wp-content\/uploads\/2024\/09\/agencia-anvisa.png\" class=\"attachment-large size-large wp-image-2292\" alt=\"\" \/>\t\t\t\t\t\t\t\t\t\t\t\t\t\t\t<\/div>\n\t\t\t\t<\/div>\n\t\t\t\t<div class=\"elementor-element elementor-element-a12f571 elementor-widget elementor-widget-image\" data-id=\"a12f571\" data-element_type=\"widget\" data-widget_type=\"image.default\">\n\t\t\t\t<div class=\"elementor-widget-container\">\n\t\t\t\t\t\t\t\t\t\t\t\t\t\t\t<img loading=\"lazy\" decoding=\"async\" width=\"45\" height=\"27\" src=\"https:\/\/unichembrasil.com.br\/wp-content\/uploads\/2024\/09\/agencia-Health-Canada.png\" class=\"attachment-large size-large wp-image-2294\" alt=\"\" \/>\t\t\t\t\t\t\t\t\t\t\t\t\t\t\t<\/div>\n\t\t\t\t<\/div>\n\t\t\t\t<div class=\"elementor-element elementor-element-39718b8 elementor-widget elementor-widget-image\" data-id=\"39718b8\" data-element_type=\"widget\" data-widget_type=\"image.default\">\n\t\t\t\t<div class=\"elementor-widget-container\">\n\t\t\t\t\t\t\t\t\t\t\t\t\t\t\t<img loading=\"lazy\" decoding=\"async\" width=\"48\" height=\"43\" src=\"https:\/\/unichembrasil.com.br\/wp-content\/uploads\/2024\/09\/agencia-USFDA.png\" class=\"attachment-large size-large wp-image-2295\" alt=\"\" \/>\t\t\t\t\t\t\t\t\t\t\t\t\t\t\t<\/div>\n\t\t\t\t<\/div>\n\t\t\t\t<div class=\"elementor-element elementor-element-03c033b elementor-widget elementor-widget-image\" data-id=\"03c033b\" data-element_type=\"widget\" data-widget_type=\"image.default\">\n\t\t\t\t<div class=\"elementor-widget-container\">\n\t\t\t\t\t\t\t\t\t\t\t\t\t\t\t<img loading=\"lazy\" decoding=\"async\" width=\"72\" height=\"39\" src=\"https:\/\/unichembrasil.com.br\/wp-content\/uploads\/2024\/09\/agencia-MHRA-UK.png\" class=\"attachment-large size-large wp-image-2296\" alt=\"\" \/>\t\t\t\t\t\t\t\t\t\t\t\t\t\t\t<\/div>\n\t\t\t\t<\/div>\n\t\t\t\t<div class=\"elementor-element elementor-element-dca6a21 elementor-widget elementor-widget-image\" data-id=\"dca6a21\" data-element_type=\"widget\" data-widget_type=\"image.default\">\n\t\t\t\t<div class=\"elementor-widget-container\">\n\t\t\t\t\t\t\t\t\t\t\t\t\t\t\t<img loading=\"lazy\" decoding=\"async\" width=\"69\" height=\"40\" src=\"https:\/\/unichembrasil.com.br\/wp-content\/uploads\/2024\/09\/agencia-SAHPRA-South-Africa.png\" class=\"attachment-large size-large wp-image-2297\" alt=\"\" \/>\t\t\t\t\t\t\t\t\t\t\t\t\t\t\t<\/div>\n\t\t\t\t<\/div>\n\t\t\t\t<div class=\"elementor-element elementor-element-15d5c79 elementor-widget elementor-widget-image\" data-id=\"15d5c79\" data-element_type=\"widget\" data-widget_type=\"image.default\">\n\t\t\t\t<div class=\"elementor-widget-container\">\n\t\t\t\t\t\t\t\t\t\t\t\t\t\t\t<img loading=\"lazy\" decoding=\"async\" width=\"64\" height=\"50\" src=\"https:\/\/unichembrasil.com.br\/wp-content\/uploads\/2024\/09\/agencia-TGA-Australia.png\" class=\"attachment-large size-large wp-image-2298\" alt=\"\" \/>\t\t\t\t\t\t\t\t\t\t\t\t\t\t\t<\/div>\n\t\t\t\t<\/div>\n\t\t\t\t<div class=\"elementor-element elementor-element-7bdc809 elementor-widget elementor-widget-image\" data-id=\"7bdc809\" data-element_type=\"widget\" data-widget_type=\"image.default\">\n\t\t\t\t<div class=\"elementor-widget-container\">\n\t\t\t\t\t\t\t\t\t\t\t\t\t\t\t<img loading=\"lazy\" decoding=\"async\" width=\"44\" height=\"37\" src=\"https:\/\/unichembrasil.com.br\/wp-content\/uploads\/2024\/09\/agencia-TFDA-Tanzania.png\" class=\"attachment-large size-large wp-image-2299\" alt=\"\" \/>\t\t\t\t\t\t\t\t\t\t\t\t\t\t\t<\/div>\n\t\t\t\t<\/div>\n\t\t\t\t<div class=\"elementor-element elementor-element-5e22802 elementor-widget elementor-widget-image\" data-id=\"5e22802\" data-element_type=\"widget\" data-widget_type=\"image.default\">\n\t\t\t\t<div class=\"elementor-widget-container\">\n\t\t\t\t\t\t\t\t\t\t\t\t\t\t\t<img loading=\"lazy\" decoding=\"async\" width=\"43\" height=\"45\" src=\"https:\/\/unichembrasil.com.br\/wp-content\/uploads\/2024\/09\/agencia-NDA-Uganda.png\" class=\"attachment-large size-large wp-image-2300\" alt=\"\" \/>\t\t\t\t\t\t\t\t\t\t\t\t\t\t\t<\/div>\n\t\t\t\t<\/div>\n\t\t\t\t<div class=\"elementor-element elementor-element-51b2597 elementor-widget elementor-widget-image\" data-id=\"51b2597\" data-element_type=\"widget\" data-widget_type=\"image.default\">\n\t\t\t\t<div class=\"elementor-widget-container\">\n\t\t\t\t\t\t\t\t\t\t\t\t\t\t\t<img loading=\"lazy\" decoding=\"async\" width=\"49\" height=\"42\" src=\"https:\/\/unichembrasil.com.br\/wp-content\/uploads\/2024\/09\/agencia-EMA.png\" class=\"attachment-large size-large wp-image-2301\" alt=\"\" \/>\t\t\t\t\t\t\t\t\t\t\t\t\t\t\t<\/div>\n\t\t\t\t<\/div>\n\t\t\t\t<div class=\"elementor-element elementor-element-7ef6ec3 elementor-widget elementor-widget-image\" data-id=\"7ef6ec3\" data-element_type=\"widget\" data-widget_type=\"image.default\">\n\t\t\t\t<div class=\"elementor-widget-container\">\n\t\t\t\t\t\t\t\t\t\t\t\t\t\t\t<img loading=\"lazy\" decoding=\"async\" width=\"54\" height=\"49\" src=\"https:\/\/unichembrasil.com.br\/wp-content\/uploads\/2024\/09\/agencia-WHO-GMP-India.png\" class=\"attachment-large size-large wp-image-2302\" alt=\"\" \/>\t\t\t\t\t\t\t\t\t\t\t\t\t\t\t<\/div>\n\t\t\t\t<\/div>\n\t\t\t\t<div class=\"elementor-element elementor-element-848f693 elementor-widget elementor-widget-image\" data-id=\"848f693\" data-element_type=\"widget\" data-widget_type=\"image.default\">\n\t\t\t\t<div class=\"elementor-widget-container\">\n\t\t\t\t\t\t\t\t\t\t\t\t\t\t\t<img loading=\"lazy\" decoding=\"async\" width=\"45\" height=\"39\" src=\"https:\/\/unichembrasil.com.br\/wp-content\/uploads\/2024\/09\/agencia-PPB-Kenya.png\" class=\"attachment-large size-large wp-image-2303\" alt=\"\" \/>\t\t\t\t\t\t\t\t\t\t\t\t\t\t\t<\/div>\n\t\t\t\t<\/div>\n\t\t\t\t\t<\/div>\n\t\t\t\t<\/div>\n\t\t<div class=\"elementor-element elementor-element-ea0378c e-flex e-con-boxed e-con e-parent\" data-id=\"ea0378c\" data-element_type=\"container\">\n\t\t\t\t\t<div class=\"e-con-inner\">\n\t\t\t\t<div class=\"elementor-element elementor-element-54ac370 elementor-widget elementor-widget-spacer\" data-id=\"54ac370\" data-element_type=\"widget\" data-widget_type=\"spacer.default\">\n\t\t\t\t<div class=\"elementor-widget-container\">\n\t\t\t\t\t\t\t<div class=\"elementor-spacer\">\n\t\t\t<div class=\"elementor-spacer-inner\"><\/div>\n\t\t<\/div>\n\t\t\t\t\t\t<\/div>\n\t\t\t\t<\/div>\n\t\t\t\t\t<\/div>\n\t\t\t\t<\/div>\n\t\t\t\t<\/div>","protected":false},"excerpt":{"rendered":"<p>Quem Somos Conhe\u00e7a a Unichem Ol\u00e1, muito prazer somos a Unichem Farmac\u00eautica do Brasil Ltda. \u00e9 uma importante empresa farmac\u00eautica comprometida em melhorar a sa\u00fade e o bem-estar por meio de solu\u00e7\u00f5es de sa\u00fade inovadoras e de alta qualidade. A empresa opera com a miss\u00e3o de fornecer medicamentos acess\u00edveis, eficazes e seguros aos pacientes, atendendo [&hellip;]<\/p>","protected":false},"author":1,"featured_media":0,"parent":0,"menu_order":0,"comment_status":"closed","ping_status":"closed","template":"elementor_header_footer","meta":{"footnotes":""},"class_list":["post-1205","page","type-page","status-publish","hentry"],"rttpg_featured_image_url":null,"rttpg_author":{"display_name":"licht","author_link":"https:\/\/unichembrasil.com.br\/en\/author\/licht\/"},"rttpg_comment":0,"rttpg_category":null,"rttpg_excerpt":"Quem Somos Conhe\u00e7a a Unichem Ol\u00e1, muito prazer somos a Unichem Farmac\u00eautica do Brasil Ltda. \u00e9 uma importante empresa farmac\u00eautica comprometida em melhorar a sa\u00fade e o bem-estar por meio de solu\u00e7\u00f5es de sa\u00fade inovadoras e de alta qualidade. A empresa opera com a miss\u00e3o de fornecer medicamentos acess\u00edveis, eficazes e seguros aos pacientes, atendendo&hellip;","_links":{"self":[{"href":"https:\/\/unichembrasil.com.br\/en\/wp-json\/wp\/v2\/pages\/1205","targetHints":{"allow":["GET"]}}],"collection":[{"href":"https:\/\/unichembrasil.com.br\/en\/wp-json\/wp\/v2\/pages"}],"about":[{"href":"https:\/\/unichembrasil.com.br\/en\/wp-json\/wp\/v2\/types\/page"}],"author":[{"embeddable":true,"href":"https:\/\/unichembrasil.com.br\/en\/wp-json\/wp\/v2\/users\/1"}],"replies":[{"embeddable":true,"href":"https:\/\/unichembrasil.com.br\/en\/wp-json\/wp\/v2\/comments?post=1205"}],"version-history":[{"count":184,"href":"https:\/\/unichembrasil.com.br\/en\/wp-json\/wp\/v2\/pages\/1205\/revisions"}],"predecessor-version":[{"id":2874,"href":"https:\/\/unichembrasil.com.br\/en\/wp-json\/wp\/v2\/pages\/1205\/revisions\/2874"}],"wp:attachment":[{"href":"https:\/\/unichembrasil.com.br\/en\/wp-json\/wp\/v2\/media?parent=1205"}],"curies":[{"name":"wp","href":"https:\/\/api.w.org\/{rel}","templated":true}]}}