{"id":1613,"date":"2024-08-12T15:23:21","date_gmt":"2024-08-12T18:23:21","guid":{"rendered":"http:\/\/unichem.provisorio.ws\/?page_id=1613"},"modified":"2025-02-13T15:01:29","modified_gmt":"2025-02-13T18:01:29","slug":"farmacovigilancia","status":"publish","type":"page","link":"https:\/\/unichembrasil.com.br\/en\/farmacovigilancia\/","title":{"rendered":"Pharmacovigilance"},"content":{"rendered":"<div data-elementor-type=\"wp-page\" data-elementor-id=\"1613\" class=\"elementor elementor-1613\">\n\t\t\t\t<div class=\"elementor-element elementor-element-4e53bfb8 e-flex e-con-boxed e-con e-parent\" data-id=\"4e53bfb8\" data-element_type=\"container\" data-settings=\"{&quot;background_background&quot;:&quot;slideshow&quot;,&quot;background_slideshow_gallery&quot;:[{&quot;id&quot;:2108,&quot;url&quot;:&quot;https:\\\/\\\/unichembrasil.com.br\\\/wp-content\\\/uploads\\\/2024\\\/08\\\/backg-farmacovigilancia.jpg&quot;}],&quot;background_slideshow_loop&quot;:&quot;yes&quot;,&quot;background_slideshow_slide_duration&quot;:5000,&quot;background_slideshow_slide_transition&quot;:&quot;fade&quot;,&quot;background_slideshow_transition_duration&quot;:500}\">\n\t\t\t\t\t<div class=\"e-con-inner\">\n\t\t\t\t<div class=\"elementor-element elementor-element-78575122 elementor-widget elementor-widget-heading\" data-id=\"78575122\" data-element_type=\"widget\" data-widget_type=\"heading.default\">\n\t\t\t\t<div class=\"elementor-widget-container\">\n\t\t\t\t\t<h2 class=\"elementor-heading-title elementor-size-default\">Pharmacovigilance<\/h2>\t\t\t\t<\/div>\n\t\t\t\t<\/div>\n\t\t\t\t\t<\/div>\n\t\t\t\t<\/div>\n\t\t<div class=\"elementor-element elementor-element-c5b37d3 e-flex e-con-boxed e-con e-parent\" data-id=\"c5b37d3\" data-element_type=\"container\">\n\t\t\t\t\t<div class=\"e-con-inner\">\n\t\t<div class=\"elementor-element elementor-element-77f894e e-con-full e-flex e-con e-child\" data-id=\"77f894e\" data-element_type=\"container\" data-settings=\"{&quot;background_background&quot;:&quot;classic&quot;}\">\n\t\t\t\t<div class=\"elementor-element elementor-element-813eb06 elementor-widget elementor-widget-heading\" data-id=\"813eb06\" data-element_type=\"widget\" data-widget_type=\"heading.default\">\n\t\t\t\t<div class=\"elementor-widget-container\">\n\t\t\t\t\t<h3 class=\"elementor-heading-title elementor-size-default\">Caro cliente,<\/h3>\t\t\t\t<\/div>\n\t\t\t\t<\/div>\n\t\t\t\t<div class=\"elementor-element elementor-element-92ca542 elementor-widget elementor-widget-text-editor\" data-id=\"92ca542\" data-element_type=\"widget\" data-widget_type=\"text-editor.default\">\n\t\t\t\t<div class=\"elementor-widget-container\">\n\t\t\t\t\t\t\t\t\t<p>A Unichem Farmac\u00eautica do Brasil, CNPJ 05.399.786\/0001-85, por medida preventiva, iniciou o recolhimento dos lotes ZAZM23002 e ZAZM24001 de Aripiprazol 15mg devido a um erro na impress\u00e3o em braille nestes produtos. N\u00e3o h\u00e1 nenhum problema de seguran\u00e7a e efic\u00e1cia relacionado com estes lotes.<\/p><p>Caso voc\u00ea possua unidades de um desses dois lotes em suas m\u00e3os, a Unichem Farmac\u00eautica do Brasil se coloca \u00e0 disposi\u00e7\u00e3o para informar como proceder ou esclarecer eventuais d\u00favidas por meio de seu Servi\u00e7o de Atendimento ao Consumidor (SAC) 0800 725 5525 ou pelo e-mail <a href=\"mailto:sac@unichembrasil.com.br\">sac@unichembrasil.com.br<\/a><\/p><p>Agradecemos sua\u00a0compreens\u00e3o.<\/p>\t\t\t\t\t\t\t\t<\/div>\n\t\t\t\t<\/div>\n\t\t\t\t<\/div>\n\t\t\t\t\t<\/div>\n\t\t\t\t<\/div>\n\t\t<div class=\"elementor-element elementor-element-c4ceaac e-flex e-con-boxed e-con e-parent\" data-id=\"c4ceaac\" data-element_type=\"container\">\n\t\t\t\t\t<div class=\"e-con-inner\">\n\t\t<div class=\"elementor-element elementor-element-818ab58 e-con-full e-flex e-con e-child\" data-id=\"818ab58\" data-element_type=\"container\">\n\t\t\t\t<div class=\"elementor-element elementor-element-55697ff elementor-hidden-desktop elementor-hidden-tablet elementor-widget elementor-widget-spacer\" data-id=\"55697ff\" data-element_type=\"widget\" data-widget_type=\"spacer.default\">\n\t\t\t\t<div class=\"elementor-widget-container\">\n\t\t\t\t\t\t\t<div class=\"elementor-spacer\">\n\t\t\t<div class=\"elementor-spacer-inner\"><\/div>\n\t\t<\/div>\n\t\t\t\t\t\t<\/div>\n\t\t\t\t<\/div>\n\t\t\t\t<div class=\"elementor-element elementor-element-67d72e4 elementor-widget elementor-widget-heading\" data-id=\"67d72e4\" data-element_type=\"widget\" data-widget_type=\"heading.default\">\n\t\t\t\t<div class=\"elementor-widget-container\">\n\t\t\t\t\t<h2 class=\"elementor-heading-title elementor-size-default\">What is pharmacovigilance?<\/h2>\t\t\t\t<\/div>\n\t\t\t\t<\/div>\n\t\t\t\t<div class=\"elementor-element elementor-element-5eeb037 elementor-widget elementor-widget-text-editor\" data-id=\"5eeb037\" data-element_type=\"widget\" data-widget_type=\"text-editor.default\">\n\t\t\t\t<div class=\"elementor-widget-container\">\n\t\t\t\t\t\t\t\t\t<p>According to the World Health Organization (WHO), pharmacovigilance is the science and activities related to the identification, assessment, understanding, and prevention of adverse events or any issues related to the use of <span style=\"color: #808080;\">medicines.<\/span> It was established with the goal of ensuring that medications on the market are safe and effective.<\/p><p>The main objectives of pharmacovigilance include:<\/p><ul><li><strong>Identification of adverse events:<\/strong> Monitor and detect unexpected or undesirable reactions caused by medications.<\/li><li><strong>Risk assessment:<\/strong> Evaluate the severity and frequency of adverse events to determine the risks associated with the use of certain medications.<\/li><li><strong>Harm prevention:<\/strong> Implement preventive measures to minimize risks and protect patients.<\/li><\/ul>\t\t\t\t\t\t\t\t<\/div>\n\t\t\t\t<\/div>\n\t\t<div class=\"elementor-element elementor-element-688e46a e-con-full e-flex e-con e-child\" data-id=\"688e46a\" data-element_type=\"container\">\n\t\t\t\t<div class=\"elementor-element elementor-element-3c32b41 elementor-view-framed elementor-widget__width-initial elementor-shape-circle elementor-position-top elementor-mobile-position-top elementor-widget elementor-widget-icon-box\" data-id=\"3c32b41\" data-element_type=\"widget\" data-widget_type=\"icon-box.default\">\n\t\t\t\t<div class=\"elementor-widget-container\">\n\t\t\t\t\t\t\t<div class=\"elementor-icon-box-wrapper\">\n\n\t\t\t\t\t\t<div class=\"elementor-icon-box-icon\">\n\t\t\t\t<span  class=\"elementor-icon\">\n\t\t\t\t<svg xmlns=\"http:\/\/www.w3.org\/2000\/svg\" xmlns:xlink=\"http:\/\/www.w3.org\/1999\/xlink\" fill=\"#000000\" id=\"Layer_1\" viewbox=\"0 0 496 496\" xml:space=\"preserve\"><g>\t<g>\t\t<g>\t\t\t<path d=\"M464,280h-80v-16h-16v16h-12.464c-7.52-27.12-24.28-50.384-46.744-66.176l23.856-38.168    c1.104,0.16,2.2,0.344,3.352,0.344c6.456,0,12.296-2.592,16.616-6.752l39.68,19.84c-0.12,0.968-0.296,1.92-0.296,2.912    c0,13.232,10.768,24,24,24s24-10.768,24-24c0-6.52-2.632-12.432-6.872-16.76l36.144-79.52C470.184,95.832,471.064,96,472,96    c13.232,0,24-10.768,24-24s-10.768-24-24-24s-24,10.768-24,24c0,6.52,2.632,12.432,6.872,16.76l-36.144,79.52    c-0.912-0.112-1.792-0.28-2.728-0.28c-6.456,0-12.296,2.592-16.616,6.752l-39.68-19.84c0.12-0.968,0.296-1.92,0.296-2.912    c0-13.232-10.768-24-24-24s-24,10.768-24,24c0,6.272,2.472,11.944,6.424,16.224L295.12,205.52    C278.592,196.936,259.872,192,240,192c-5.44,0-10.752,0.488-16,1.192V16h32V0h-32H112H80v16h32v205.76L10.272,388.864    C3.552,399.912,0,412.584,0,425.52C0,464.384,31.616,496,70.48,496h195.04c38.856,0,70.48-31.616,70.48-70.48    c0-11.264-2.848-22.264-7.984-32.232c12.792-13.832,22.344-30.64,27.52-49.296H368v16h16v-16h80c17.648,0,32-14.352,32-32    S481.648,280,464,280z M472,64c4.416,0,8,3.584,8,8s-3.584,8-8,8c-4.416,0-8-3.584-8-8S467.584,64,472,64z M416,184    c4.416,0,8,3.584,8,8s-3.584,8-8,8c-4.416,0-8-3.584-8-8S411.584,184,416,184z M336,144c4.416,0,8,3.584,8,8s-3.584,8-8,8    c-4.416,0-8-3.584-8-8S331.584,144,336,144z M243.352,288.336c-1.104-0.152-2.2-0.336-3.352-0.336c-13.232,0-24,10.768-24,24    s10.768,24,24,24s24-10.768,24-24c0-6.272-2.472-11.944-6.424-16.224l25.728-41.168C300.696,267.768,312,288.56,312,312    c0,39.704-32.296,72-72,72c-39.704,0-72-32.296-72-72c0-39.704,32.296-72,72-72c10.536,0,20.528,2.328,29.56,6.416    L243.352,288.336z M248,312c0,4.416-3.584,8-8,8s-8-3.584-8-8c0-4.416,3.584-8,8-8S248,307.584,248,312z M128,226.24V16h80    v180.464c-40.456,11.224-72.312,43.08-83.536,83.536H95.28L128,226.24z M265.52,480H70.48C40.44,480,16,455.56,16,425.52    c0-10,2.752-19.8,7.944-28.336L85.536,296h35.656c-0.704,5.248-1.192,10.56-1.192,16c0,66.168,53.832,120,120,120    c28.76,0,55.176-10.184,75.864-27.12c2.68,6.528,4.136,13.528,4.136,20.64C320,455.56,295.56,480,265.52,480z M240,416    c-57.344,0-104-46.656-104-104s46.656-104,104-104c16.76,0,32.56,4.08,46.592,11.152l-8.52,13.632    C266.536,227.216,253.648,224,240,224c-48.52,0-88,39.48-88,88c0,48.52,39.48,88,88,88s88-39.48,88-88    c0-29.152-14.304-54.96-36.2-70.984l8.496-13.592C326.696,246.304,344,277.136,344,312C344,369.344,297.344,416,240,416z     M368,328h-9.192c0.704-5.248,1.192-10.56,1.192-16s-0.488-10.752-1.192-16H368V328z M464,328h-80v-32h80c8.824,0,16,7.176,16,16    C480,320.824,472.824,328,464,328z\"><\/path>\t\t\t<rect x=\"376\" y=\"24\" width=\"16\" height=\"16\"><\/rect>\t\t\t<rect x=\"347.746\" y=\"35.677\" transform=\"matrix(0.7071 0.7071 -0.7071 0.7071 135.0795 -238.7578)\" width=\"16\" height=\"16\"><\/rect>\t\t\t<rect x=\"336\" y=\"64\" width=\"16\" height=\"16\"><\/rect>\t\t\t<rect x=\"347.74\" y=\"92.23\" transform=\"matrix(-0.7071 -0.7071 0.7071 -0.7071 536.4119 422.6493)\" width=\"16\" height=\"16\"><\/rect>\t\t\t<rect x=\"376\" y=\"104\" width=\"16\" height=\"16\"><\/rect>\t\t\t<rect x=\"404.245\" y=\"92.293\" transform=\"matrix(0.7071 0.7071 -0.7071 0.7071 191.6615 -262.1257)\" width=\"16\" height=\"16\"><\/rect>\t\t\t<rect x=\"416\" y=\"64\" width=\"16\" height=\"16\"><\/rect>\t\t\t<rect x=\"404.251\" y=\"35.74\" transform=\"matrix(0.7071 0.7071 -0.7071 0.7071 151.6749 -278.6951)\" width=\"16\" height=\"16\"><\/rect>\t\t\t<rect x=\"304\" y=\"64\" width=\"16\" height=\"16\"><\/rect>\t\t\t<rect x=\"272\" y=\"64\" width=\"16\" height=\"16\"><\/rect>\t\t\t<rect x=\"240\" y=\"64\" width=\"16\" height=\"16\"><\/rect>\t\t<\/g>\t<\/g><\/g><\/svg>\t\t\t\t<\/span>\n\t\t\t<\/div>\n\t\t\t\n\t\t\t\t\t\t<div class=\"elementor-icon-box-content\">\n\n\t\t\t\t\t\t\t\t\t<h3 class=\"elementor-icon-box-title\">\n\t\t\t\t\t\t<span  >\n\t\t\t\t\t\t\tWhat is an adverse event?\t\t\t\t\t\t<\/span>\n\t\t\t\t\t<\/h3>\n\t\t\t\t\n\t\t\t\t\t\t\t\t\t<p class=\"elementor-icon-box-description\">\n\t\t\t\t\t\tAdverse events are any unwanted medical occurrences that happen during treatment with a medication or vaccine.  They can range from mild to severe and may include allergic reactions, side effects, or drug interactions.\t\t\t\t\t<\/p>\n\t\t\t\t\n\t\t\t<\/div>\n\t\t\t\n\t\t<\/div>\n\t\t\t\t\t\t<\/div>\n\t\t\t\t<\/div>\n\t\t\t\t<div class=\"elementor-element elementor-element-4b8cea3 elementor-view-framed elementor-widget__width-initial elementor-shape-circle elementor-position-top elementor-mobile-position-top elementor-widget elementor-widget-icon-box\" data-id=\"4b8cea3\" data-element_type=\"widget\" data-widget_type=\"icon-box.default\">\n\t\t\t\t<div class=\"elementor-widget-container\">\n\t\t\t\t\t\t\t<div class=\"elementor-icon-box-wrapper\">\n\n\t\t\t\t\t\t<div class=\"elementor-icon-box-icon\">\n\t\t\t\t<span  class=\"elementor-icon\">\n\t\t\t\t<svg xmlns=\"http:\/\/www.w3.org\/2000\/svg\" xmlns:xlink=\"http:\/\/www.w3.org\/1999\/xlink\" fill=\"#000000\" id=\"Layer_1\" viewbox=\"0 0 32 32\" xml:space=\"preserve\"><path id=\"research_1_\" d=\"M16,5c0,0.552-0.448,1-1,1s-1-0.448-1-1s0.448-1,1-1S16,4.448,16,5z M7,18c-0.552,0-1,0.448-1,1 s0.448,1,1,1s1-0.448,1-1S7.552,18,7,18z M10,6.5C9.724,6.5,9.5,6.724,9.5,7S9.724,7.5,10,7.5s0.5-0.224,0.5-0.5S10.276,6.5,10,6.5z  M11,11.5c-0.276,0-0.5,0.224-0.5,0.5s0.224,0.5,0.5,0.5s0.5-0.224,0.5-0.5S11.276,11.5,11,11.5z M6,9.5c-0.276,0-0.5,0.224-0.5,0.5 s0.224,0.5,0.5,0.5s0.5-0.224,0.5-0.5S6.276,9.5,6,9.5z M12.36,7c0-1.301-1.059-2.36-2.36-2.36S7.64,5.699,7.64,7 S8.699,9.36,10,9.36S12.36,8.301,12.36,7z M11.64,7c0,0.904-0.736,1.64-1.64,1.64S8.36,7.904,8.36,7S9.096,5.36,10,5.36 S11.64,6.096,11.64,7z M7.56,14.4c0-1.081-0.879-1.96-1.96-1.96s-1.96,0.879-1.96,1.96s0.879,1.96,1.96,1.96S7.56,15.48,7.56,14.4z  M6.84,14.4c0,0.684-0.557,1.24-1.24,1.24s-1.24-0.557-1.24-1.24s0.557-1.24,1.24-1.24S6.84,13.716,6.84,14.4z M31.36,25.5V31 c0,0.199-0.161,0.36-0.36,0.36H9c-0.146,0-0.277-0.088-0.333-0.223s-0.025-0.289,0.078-0.393l3.667-3.666 c0.067-0.067,0.159-0.105,0.254-0.105H25.14V25.5c0-0.199,0.161-0.36,0.36-0.36h2.229c0.704-1.289,1.075-2.744,1.075-4.222 c0-3.116-1.64-5.983-4.304-7.57c-0.544,0.906-1.536,1.514-2.668,1.514c-0.525,0-1.021-0.131-1.454-0.361l-3.062,5.301 c-0.099,0.174-0.318,0.232-0.492,0.132l-1.275-0.736l-0.557,0.964l1.276,0.737c0.083,0.048,0.143,0.126,0.167,0.219 c0.025,0.092,0.012,0.19-0.036,0.272l-0.917,1.587c-0.099,0.173-0.317,0.232-0.492,0.132l-4.763-2.749 c-0.172-0.1-0.231-0.319-0.132-0.491l0.917-1.588c0.048-0.083,0.126-0.144,0.219-0.168c0.091-0.024,0.191-0.013,0.273,0.036 l1.276,0.736l0.556-0.964l-1.276-0.736c-0.083-0.048-0.143-0.126-0.167-0.218c-0.025-0.092-0.012-0.19,0.036-0.273l7.666-13.276 C17.652,2.074,15.378,1.36,13,1.36C6.582,1.36,1.36,6.582,1.36,13S6.582,24.64,13,24.64v0.721C6.185,25.36,0.64,19.815,0.64,13 S6.185,0.64,13,0.64c2.506,0,4.903,0.748,6.958,2.153l1.14-1.973c0.1-0.172,0.321-0.229,0.491-0.132l4.763,2.747 c0.083,0.048,0.144,0.126,0.168,0.219s0.012,0.19-0.036,0.273l-2.998,5.191c0.875,0.551,1.458,1.525,1.458,2.633 c0,0.326-0.051,0.64-0.145,0.936c2.923,1.708,4.727,4.832,4.727,8.23c0,1.468-0.339,2.915-0.984,4.222H31 C31.199,25.14,31.36,25.301,31.36,25.5z M12.734,19.688c-0.005-0.002-0.01-0.005-0.014-0.008l-1.262-0.729l-0.557,0.964l4.139,2.389 l0.557-0.963L12.734,19.688z M13.892,19.525l0.478,0.276l0.557-0.964l-0.964-0.557l-0.556,0.964L13.892,19.525z M19.784,14.09 c-0.65-0.57-1.062-1.407-1.062-2.338c0-1.714,1.396-3.109,3.11-3.109c0.35,0,0.687,0.058,1.001,0.165l2.846-4.929L21.54,1.492 l-8.806,15.25l1.26,0.728c0.005,0.003,0.011,0.006,0.016,0.009l1.092,0.631l1.771,1.021L19.784,14.09z M24.223,11.752 c0-1.317-1.072-2.39-2.39-2.39s-2.39,1.072-2.39,2.39c0,0.784,0.379,1.481,0.964,1.917c0.009,0.004,0.019,0.009,0.027,0.015 c0.029,0.017,0.055,0.036,0.077,0.059c0.379,0.252,0.833,0.399,1.321,0.399c0.972,0,1.81-0.583,2.183-1.417 c0.005-0.012,0.011-0.024,0.017-0.037C24.155,12.4,24.223,12.084,24.223,11.752z M30.64,25.86h-2.673 c-0.021-0.001-0.038-0.001-0.055,0H25.86v1.474c0,0.199-0.161,0.36-0.36,0.36H12.816L9.869,30.64H30.64V25.86z\"><\/path><rect id=\"_Transparent_Rectangle\" style=\"fill:none;\" width=\"32\" height=\"32\"><\/rect><\/svg>\t\t\t\t<\/span>\n\t\t\t<\/div>\n\t\t\t\n\t\t\t\t\t\t<div class=\"elementor-icon-box-content\">\n\n\t\t\t\t\t\t\t\t\t<h3 class=\"elementor-icon-box-title\">\n\t\t\t\t\t\t<span  >\n\t\t\t\t\t\t\tWhat is an adverse reaction?\t\t\t\t\t\t<\/span>\n\t\t\t\t\t<\/h3>\n\t\t\t\t\n\t\t\t\t\t\t\t\t\t<p class=\"elementor-icon-box-description\">\n\t\t\t\t\t\tAn adverse reaction is any negative or unwanted effect that occurs unexpectedly after using a medication, even when administered at common doses, used to prevent, diagnose, treat a disease, or alter physiological functions.\t\t\t\t\t<\/p>\n\t\t\t\t\n\t\t\t<\/div>\n\t\t\t\n\t\t<\/div>\n\t\t\t\t\t\t<\/div>\n\t\t\t\t<\/div>\n\t\t\t\t<\/div>\n\t\t\t\t<\/div>\n\t\t\t\t\t<\/div>\n\t\t\t\t<\/div>\n\t\t<div class=\"elementor-element elementor-element-5ccf586 e-flex e-con-boxed e-con e-parent\" data-id=\"5ccf586\" data-element_type=\"container\">\n\t\t\t\t\t<div class=\"e-con-inner\">\n\t\t<div class=\"elementor-element elementor-element-554e1d8 e-con-full e-flex e-con e-child\" data-id=\"554e1d8\" data-element_type=\"container\">\n\t\t\t\t<div class=\"elementor-element elementor-element-70ec15d elementor-widget elementor-widget-heading\" data-id=\"70ec15d\" data-element_type=\"widget\" data-widget_type=\"heading.default\">\n\t\t\t\t<div class=\"elementor-widget-container\">\n\t\t\t\t\t<h3 class=\"elementor-heading-title elementor-size-default\">Would you like to report? Fill in the fields below:<\/h3>\t\t\t\t<\/div>\n\t\t\t\t<\/div>\n\t\t\t\t<div class=\"elementor-element elementor-element-3673b42 elementor-widget elementor-widget-htmega-contactform-addons\" data-id=\"3673b42\" data-element_type=\"widget\" data-widget_type=\"htmega-contactform-addons.default\">\n\t\t\t\t<div class=\"elementor-widget-container\">\n\t\t\t\t\t            <div class=\"htmega-form-wrapper htmega-form-style-4\" >\n                \n<div class=\"wpcf7 no-js\" id=\"wpcf7-f1339-o1\" lang=\"pt-BR\" dir=\"ltr\" data-wpcf7-id=\"1339\">\n<div class=\"screen-reader-response\"><p role=\"status\" aria-live=\"polite\" aria-atomic=\"true\"><\/p> <ul><\/ul><\/div>\n<form action=\"\/en\/wp-json\/wp\/v2\/pages\/1613#wpcf7-f1339-o1\" method=\"post\" class=\"wpcf7-form init\" aria-label=\"Formul\u00e1rios de contato\" novalidate=\"novalidate\" data-status=\"init\" data-trp-original-action=\"\/en\/wp-json\/wp\/v2\/pages\/1613#wpcf7-f1339-o1\">\n<div style=\"display: none;\">\n<input type=\"hidden\" name=\"_wpcf7\" value=\"1339\" \/>\n<input type=\"hidden\" name=\"_wpcf7_version\" value=\"6.0.4\" \/>\n<input type=\"hidden\" name=\"_wpcf7_locale\" value=\"pt_BR\" \/>\n<input type=\"hidden\" name=\"_wpcf7_unit_tag\" value=\"wpcf7-f1339-o1\" \/>\n<input type=\"hidden\" name=\"_wpcf7_container_post\" value=\"0\" \/>\n<input type=\"hidden\" name=\"_wpcf7_posted_data_hash\" value=\"\" \/>\n<input type=\"hidden\" name=\"_uacf7_hidden_conditional_fields\" value=\"\" \/>\n<\/div>\n<div class=\"uacf7-form-1339\"><div class=\"uacf7-row\"><div class=\"uacf7-col-12\"> Are you a healthcare professional?\n<span class=\"wpcf7-form-control-wrap\" data-name=\"profissional\"><select class=\"wpcf7-form-control wpcf7-select wpcf7-validates-as-required\" aria-required=\"true\" aria-invalid=\"false\" name=\"profissional\"><option value=\"\">&#8212;Escolha uma op\u00e7\u00e3o&#8212;<\/option><option value=\"N\u00e3o\">No<\/option><option value=\"Sim\">Yes<\/option><\/select><\/span> <\/div><\/div>\n\n<div class=\"uacf7_conditional profissional\"><div class=\"uacf7-row\"><div class=\"uacf7-col-12\"> What is your background in healthcare?\n    <span class=\"wpcf7-form-control-wrap\" data-name=\"your-formacao\"><input size=\"40\" maxlength=\"400\" class=\"wpcf7-form-control wpcf7-text wpcf7-validates-as-required\" aria-required=\"true\" aria-invalid=\"false\" value=\"\" type=\"text\" name=\"your-formacao\" \/><\/span> <\/div><\/div><\/div>\n\n<div class=\"uacf7-row\"><div class=\"uacf7-col-12\"> Your email *\n    <span class=\"wpcf7-form-control-wrap\" data-name=\"your-email\"><input size=\"40\" maxlength=\"400\" class=\"wpcf7-form-control wpcf7-email wpcf7-validates-as-required wpcf7-text wpcf7-validates-as-email\" autocomplete=\"email\" aria-required=\"true\" aria-invalid=\"false\" value=\"\" type=\"email\" name=\"your-email\" \/><\/span> <\/div><\/div>\n\n<div class=\"uacf7-row\"><div class=\"uacf7-col-6\"> Do you authorize us to contact you for more information?\n<span class=\"wpcf7-form-control-wrap\" data-name=\"autoriza\"><select class=\"wpcf7-form-control wpcf7-select wpcf7-validates-as-required\" aria-required=\"true\" aria-invalid=\"false\" name=\"autoriza\"><option value=\"\">&#8212;Escolha uma op\u00e7\u00e3o&#8212;<\/option><option value=\"Sim\">Yes<\/option><option value=\"N\u00e3o\">No<\/option><\/select><\/span> <\/div><div class=\"uacf7-col-6\">  Your phone *\n<span class=\"wpcf7-form-control-wrap\" data-name=\"your-phone\"><input size=\"40\" maxlength=\"400\" class=\"wpcf7-form-control wpcf7-tel wpcf7-validates-as-required wpcf7-text wpcf7-validates-as-tel phone\" aria-required=\"true\" aria-invalid=\"false\" placeholder=\"( __ ) ____-_____\" value=\"\" type=\"tel\" name=\"your-phone\" \/><\/span>  <\/div><\/div>\n\n<div class=\"uacf7-row\"><div class=\"uacf7-col-4\"> Patient's name *\n    <span class=\"wpcf7-form-control-wrap\" data-name=\"paciente-name\"><input size=\"40\" maxlength=\"400\" class=\"wpcf7-form-control wpcf7-text wpcf7-validates-as-required\" aria-required=\"true\" aria-invalid=\"false\" value=\"\" type=\"text\" name=\"paciente-name\" \/><\/span> <\/div> <div class=\"uacf7-col-4\"> Individual Taxpayer\u2019s Registry (CPF)\n    <span class=\"wpcf7-form-control-wrap\" data-name=\"cpf\"><input size=\"40\" maxlength=\"400\" class=\"wpcf7-form-control wpcf7-text cpf\" aria-invalid=\"false\" placeholder=\"000.000.000-00\" value=\"\" type=\"text\" name=\"cpf\" \/><\/span> <\/div><div class=\"uacf7-col-4\"> Date of Birth *\n<span class=\"wpcf7-form-control-wrap\" data-name=\"date\"><input class=\"wpcf7-form-control wpcf7-date wpcf7-validates-as-required wpcf7-validates-as-date\" aria-required=\"true\" aria-invalid=\"false\" value=\"\" type=\"date\" name=\"date\" \/><\/span> <\/div><\/div>\n\n<div class=\"uacf7-row\"><div class=\"uacf7-col-4\"> Patient's gender *\n<span class=\"wpcf7-form-control-wrap\" data-name=\"genero\"><select class=\"wpcf7-form-control wpcf7-select wpcf7-validates-as-required\" aria-required=\"true\" aria-invalid=\"false\" name=\"genero\"><option value=\"\">&#8212;Escolha uma op\u00e7\u00e3o&#8212;<\/option><option value=\"Masculino\">Male<\/option><option value=\"Feminino\">Female<\/option><option value=\"Outros\">Others<\/option><\/select><\/span> <\/div><div class=\"uacf7-col-4\"> Name of product\/medication *\n    <span class=\"wpcf7-form-control-wrap\" data-name=\"produto-name\"><select class=\"wpcf7-form-control wpcf7-select wpcf7-validates-as-required\" aria-required=\"true\" aria-invalid=\"false\" name=\"produto-name\"><option value=\"\">&#8212;Escolha uma op\u00e7\u00e3o&#8212;<\/option><option value=\"Amoxicilina\">Amoxicillin<\/option><option value=\"Aripiprazol\">Aripiprazole<\/option><option value=\"Cloridrato de donepezila\">Donepezil hydrochloride<\/option><option value=\"Cloridrato de fexofenadina\">Fexofenadine hydrochloride<\/option><option value=\"Cloridrato de memantina\">Memantine hydrochloride<\/option><option value=\"Hemitartarato de zolpidem\">Zolpidem hemitartrate<\/option><option value=\"Lamotrigina\">Lamotrigine<\/option><option value=\"Meloxicam\">Meloxicam<\/option><option value=\"Rosuvastatina c\u00e1lcica\">Rosuvastatin calcium<\/option><option value=\"Tadalafila\">Tadalafil<\/option><\/select><\/span> <\/div><div class=\"uacf7-col-4\"> Product\/Medication batch number\n    <span class=\"wpcf7-form-control-wrap\" data-name=\"produto-lote\"><input size=\"40\" maxlength=\"400\" class=\"wpcf7-form-control wpcf7-text\" aria-invalid=\"false\" placeholder=\"Ex.: xxxx12345\" value=\"\" type=\"text\" name=\"produto-lote\" \/><\/span> <\/div><\/div>\n\n<div class=\"uacf7-row\"><div class=\"uacf7-col-12\"> Description of the event*\n    <span class=\"wpcf7-form-control-wrap\" data-name=\"descricao\"><textarea cols=\"40\" rows=\"10\" maxlength=\"2000\" class=\"wpcf7-form-control wpcf7-textarea wpcf7-validates-as-required\" aria-required=\"true\" aria-invalid=\"false\" name=\"descricao\"><\/textarea><\/span> <\/div><\/div>\n\n<input class=\"wpcf7-form-control wpcf7-submit has-spinner\" type=\"submit\" value=\"SEND\" \/><\/div><div class=\"wpcf7-response-output\" aria-hidden=\"true\"><\/div>\n<input type=\"hidden\" name=\"trp-form-language\" value=\"en\"\/><\/form>\n<\/div>\n            <\/div>\n\n        \t\t\t\t<\/div>\n\t\t\t\t<\/div>\n\t\t\t\t<\/div>\n\t\t\t\t\t<\/div>\n\t\t\t\t<\/div>\n\t\t\t\t<\/div>","protected":false},"excerpt":{"rendered":"<p>Farmacovigil\u00e2ncia Caro cliente, A Unichem Farmac\u00eautica do Brasil, CNPJ 05.399.786\/0001-85, por medida preventiva, iniciou o recolhimento dos lotes ZAZM23002 e ZAZM24001 de Aripiprazol 15mg devido a um erro na impress\u00e3o em braille nestes produtos. N\u00e3o h\u00e1 nenhum problema de seguran\u00e7a e efic\u00e1cia relacionado com estes lotes. Caso voc\u00ea possua unidades de um desses dois lotes [&hellip;]<\/p>","protected":false},"author":1,"featured_media":0,"parent":0,"menu_order":0,"comment_status":"closed","ping_status":"closed","template":"elementor_header_footer","meta":{"footnotes":""},"class_list":["post-1613","page","type-page","status-publish","hentry"],"rttpg_featured_image_url":null,"rttpg_author":{"display_name":"licht","author_link":"https:\/\/unichembrasil.com.br\/en\/author\/licht\/"},"rttpg_comment":0,"rttpg_category":null,"rttpg_excerpt":"Farmacovigil\u00e2ncia Caro cliente, A Unichem Farmac\u00eautica do Brasil, CNPJ 05.399.786\/0001-85, por medida preventiva, iniciou o recolhimento dos lotes ZAZM23002 e ZAZM24001 de Aripiprazol 15mg devido a um erro na impress\u00e3o em braille nestes produtos. N\u00e3o h\u00e1 nenhum problema de seguran\u00e7a e efic\u00e1cia relacionado com estes lotes. Caso voc\u00ea possua unidades de um desses dois lotes&hellip;","_links":{"self":[{"href":"https:\/\/unichembrasil.com.br\/en\/wp-json\/wp\/v2\/pages\/1613","targetHints":{"allow":["GET"]}}],"collection":[{"href":"https:\/\/unichembrasil.com.br\/en\/wp-json\/wp\/v2\/pages"}],"about":[{"href":"https:\/\/unichembrasil.com.br\/en\/wp-json\/wp\/v2\/types\/page"}],"author":[{"embeddable":true,"href":"https:\/\/unichembrasil.com.br\/en\/wp-json\/wp\/v2\/users\/1"}],"replies":[{"embeddable":true,"href":"https:\/\/unichembrasil.com.br\/en\/wp-json\/wp\/v2\/comments?post=1613"}],"version-history":[{"count":97,"href":"https:\/\/unichembrasil.com.br\/en\/wp-json\/wp\/v2\/pages\/1613\/revisions"}],"predecessor-version":[{"id":2884,"href":"https:\/\/unichembrasil.com.br\/en\/wp-json\/wp\/v2\/pages\/1613\/revisions\/2884"}],"wp:attachment":[{"href":"https:\/\/unichembrasil.com.br\/en\/wp-json\/wp\/v2\/media?parent=1613"}],"curies":[{"name":"wp","href":"https:\/\/api.w.org\/{rel}","templated":true}]}}