{"id":2210,"date":"2024-08-15T17:15:15","date_gmt":"2024-08-15T20:15:15","guid":{"rendered":"http:\/\/unichem.provisorio.ws\/?page_id=2210"},"modified":"2024-09-09T16:53:53","modified_gmt":"2024-09-09T19:53:53","slug":"cloridrato-de-fexofenadina","status":"publish","type":"page","link":"https:\/\/unichembrasil.com.br\/en\/produtos\/cloridrato-de-fexofenadina\/","title":{"rendered":"Fexofenadine hydrochloride"},"content":{"rendered":"<div data-elementor-type=\"wp-page\" data-elementor-id=\"2210\" class=\"elementor elementor-2210\">\n\t\t\t\t<div class=\"elementor-element elementor-element-3f41f1d e-flex e-con-boxed e-con e-parent\" data-id=\"3f41f1d\" data-element_type=\"container\" data-settings=\"{&quot;background_background&quot;:&quot;slideshow&quot;,&quot;background_slideshow_gallery&quot;:[{&quot;id&quot;:2093,&quot;url&quot;:&quot;https:\\\/\\\/unichembrasil.com.br\\\/wp-content\\\/uploads\\\/2024\\\/08\\\/backg-produtos.jpg&quot;}],&quot;background_slideshow_loop&quot;:&quot;yes&quot;,&quot;background_slideshow_slide_duration&quot;:5000,&quot;background_slideshow_slide_transition&quot;:&quot;fade&quot;,&quot;background_slideshow_transition_duration&quot;:500}\">\n\t\t\t\t\t<div class=\"e-con-inner\">\n\t\t\t\t<div class=\"elementor-element elementor-element-34a22a8 elementor-widget elementor-widget-heading\" data-id=\"34a22a8\" data-element_type=\"widget\" data-widget_type=\"heading.default\">\n\t\t\t\t<div class=\"elementor-widget-container\">\n\t\t\t\t\t<h2 class=\"elementor-heading-title elementor-size-default\">Products<\/h2>\t\t\t\t<\/div>\n\t\t\t\t<\/div>\n\t\t\t\t<div class=\"elementor-element elementor-element-ed9887c elementor-widget elementor-widget-heading\" data-id=\"ed9887c\" data-element_type=\"widget\" data-widget_type=\"heading.default\">\n\t\t\t\t<div class=\"elementor-widget-container\">\n\t\t\t\t\t<h2 class=\"elementor-heading-title elementor-size-default\">Veja as informa\u00e7\u00f5es do produto<\/h2>\t\t\t\t<\/div>\n\t\t\t\t<\/div>\n\t\t\t\t\t<\/div>\n\t\t\t\t<\/div>\n\t\t<div class=\"elementor-element elementor-element-57507f9 e-flex e-con-boxed e-con e-parent\" data-id=\"57507f9\" data-element_type=\"container\">\n\t\t\t\t\t<div class=\"e-con-inner\">\n\t\t\t\t<div class=\"elementor-element elementor-element-0058b6e elementor-widget elementor-widget-heading\" data-id=\"0058b6e\" data-element_type=\"widget\" data-widget_type=\"heading.default\">\n\t\t\t\t<div class=\"elementor-widget-container\">\n\t\t\t\t\t<h2 class=\"elementor-heading-title elementor-size-default\">Fexofenadine hydrochloride<\/h2>\t\t\t\t<\/div>\n\t\t\t\t<\/div>\n\t\t\t\t<div class=\"elementor-element elementor-element-71f7bc4 elementor-widget-divider--view-line elementor-widget elementor-widget-divider\" data-id=\"71f7bc4\" data-element_type=\"widget\" data-widget_type=\"divider.default\">\n\t\t\t\t<div class=\"elementor-widget-container\">\n\t\t\t\t\t\t\t<div class=\"elementor-divider\">\n\t\t\t<span class=\"elementor-divider-separator\">\n\t\t\t\t\t\t<\/span>\n\t\t<\/div>\n\t\t\t\t\t\t<\/div>\n\t\t\t\t<\/div>\n\t\t\t\t\t<\/div>\n\t\t\t\t<\/div>\n\t\t<div class=\"elementor-element elementor-element-ee36f45 e-flex e-con-boxed e-con e-parent\" data-id=\"ee36f45\" data-element_type=\"container\">\n\t\t\t\t\t<div class=\"e-con-inner\">\n\t\t<div class=\"elementor-element elementor-element-803980a e-con-full e-flex e-con e-child\" data-id=\"803980a\" data-element_type=\"container\">\n\t\t\t\t<div class=\"elementor-element elementor-element-12d68cfb elementor-widget elementor-widget-text-editor\" data-id=\"12d68cfb\" data-element_type=\"widget\" data-widget_type=\"text-editor.default\">\n\t\t\t\t<div class=\"elementor-widget-container\">\n\t\t\t\t\t\t\t\t\t<p><strong>&#8211; Concentra\u00e7\u00e3o:<\/strong> 120mg<br \/><strong>&#8211; Forma:<\/strong> Comprimido revestido<br \/><strong>&#8211; Embalagem:<\/strong> 10 comprimidos<\/p>\t\t\t\t\t\t\t\t<\/div>\n\t\t\t\t<\/div>\n\t\t\t\t<div class=\"elementor-element elementor-element-502fb303 elementor-widget-divider--view-line elementor-widget elementor-widget-divider\" data-id=\"502fb303\" data-element_type=\"widget\" data-widget_type=\"divider.default\">\n\t\t\t\t<div class=\"elementor-widget-container\">\n\t\t\t\t\t\t\t<div class=\"elementor-divider\">\n\t\t\t<span class=\"elementor-divider-separator\">\n\t\t\t\t\t\t<\/span>\n\t\t<\/div>\n\t\t\t\t\t\t<\/div>\n\t\t\t\t<\/div>\n\t\t\t\t<div class=\"elementor-element elementor-element-623153 elementor-widget elementor-widget-text-editor\" data-id=\"623153\" data-element_type=\"widget\" data-widget_type=\"text-editor.default\">\n\t\t\t\t<div class=\"elementor-widget-container\">\n\t\t\t\t\t\t\t\t\t<p><strong>&#8211; Concentra\u00e7\u00e3o:<\/strong> 180mg<br \/><strong>&#8211; Forma:<\/strong> Comprimido revestido<br \/><strong>&#8211; Embalagem:<\/strong> 10 comprimidos<\/p>\t\t\t\t\t\t\t\t<\/div>\n\t\t\t\t<\/div>\n\t\t\t\t<\/div>\n\t\t<div class=\"elementor-element elementor-element-4b737d28 e-con-full e-flex e-con e-child\" data-id=\"4b737d28\" data-element_type=\"container\">\n\t\t\t\t<div class=\"elementor-element elementor-element-75b053a2 elementor-widget elementor-widget-image\" data-id=\"75b053a2\" data-element_type=\"widget\" data-widget_type=\"image.default\">\n\t\t\t\t<div class=\"elementor-widget-container\">\n\t\t\t\t\t\t\t\t\t\t\t\t\t\t\t<img fetchpriority=\"high\" decoding=\"async\" width=\"350\" height=\"385\" src=\"https:\/\/unichembrasil.com.br\/wp-content\/uploads\/2024\/08\/produto-sem-prescricao.jpg\" class=\"attachment-full size-full wp-image-2054\" alt=\"\" \/>\t\t\t\t\t\t\t\t\t\t\t\t\t\t\t<\/div>\n\t\t\t\t<\/div>\n\t\t\t\t<div class=\"elementor-element elementor-element-eae598c elementor-widget elementor-widget-heading\" data-id=\"eae598c\" data-element_type=\"widget\" data-widget_type=\"heading.default\">\n\t\t\t\t<div class=\"elementor-widget-container\">\n\t\t\t\t\t<h2 class=\"elementor-heading-title elementor-size-default\">Imagem meramente ilustrativa <\/h2>\t\t\t\t<\/div>\n\t\t\t\t<\/div>\n\t\t\t\t<\/div>\n\t\t<div class=\"elementor-element elementor-element-4486c710 e-con-full e-flex e-con e-child\" data-id=\"4486c710\" data-element_type=\"container\">\n\t\t\t\t<div class=\"elementor-element elementor-element-571f2fc5 elementor-widget elementor-widget-text-editor\" data-id=\"571f2fc5\" data-element_type=\"widget\" data-widget_type=\"text-editor.default\">\n\t\t\t\t<div class=\"elementor-widget-container\">\n\t\t\t\t\t\t\t\t\t<p><strong>Indica\u00e7\u00f5es:<\/strong> Esse medicamento \u00e9 indicado para o al\u00edvio das manifesta\u00e7\u00f5es al\u00e9rgicas tais como:<br \/>rinite al\u00e9rgica incluindo espirros, obstru\u00e7\u00e3o nasal (nariz entupido);<br \/>prurido (coceira) no nariz, no palato (c\u00e9u da boca), na garganta e nos olhos;<br \/>coriza (nariz escorrendo);<br \/>conjuntivite al\u00e9rgica com sintomas de lacrimejamento e vermelhid\u00e3o dos olhos;<br \/>febre do feno (causada pelo p\u00f3len de algumas plantas); alergias da pele como os da urtic\u00e1ria (erup\u00e7\u00f5es avermelhadas na pele que causam coceira).<\/p>\t\t\t\t\t\t\t\t<\/div>\n\t\t\t\t<\/div>\n\t\t\t\t<div class=\"elementor-element elementor-element-64f04334 elementor-widget-divider--view-line elementor-widget elementor-widget-divider\" data-id=\"64f04334\" data-element_type=\"widget\" data-widget_type=\"divider.default\">\n\t\t\t\t<div class=\"elementor-widget-container\">\n\t\t\t\t\t\t\t<div class=\"elementor-divider\">\n\t\t\t<span class=\"elementor-divider-separator\">\n\t\t\t\t\t\t<\/span>\n\t\t<\/div>\n\t\t\t\t\t\t<\/div>\n\t\t\t\t<\/div>\n\t\t\t\t<div class=\"elementor-element elementor-element-6e2ff7af elementor-widget elementor-widget-text-editor\" data-id=\"6e2ff7af\" data-element_type=\"widget\" data-widget_type=\"text-editor.default\">\n\t\t\t\t<div class=\"elementor-widget-container\">\n\t\t\t\t\t\t\t\t\t<p><strong>Classe:<\/strong> anti-histam\u00ednicos<\/p>\t\t\t\t\t\t\t\t<\/div>\n\t\t\t\t<\/div>\n\t\t\t\t<div class=\"elementor-element elementor-element-0e4a328 elementor-widget elementor-widget-text-editor\" data-id=\"0e4a328\" data-element_type=\"widget\" data-widget_type=\"text-editor.default\">\n\t\t\t\t<div class=\"elementor-widget-container\">\n\t\t\t\t\t\t\t\t\t<p><strong>Se persistirem os sintomas, o m\u00e9dico dever\u00e1 ser consultado.<\/strong><\/p>\t\t\t\t\t\t\t\t<\/div>\n\t\t\t\t<\/div>\n\t\t\t\t<div class=\"elementor-element elementor-element-2ae37f54 elementor-align-center elementor-widget elementor-widget-button\" data-id=\"2ae37f54\" data-element_type=\"widget\" data-widget_type=\"button.default\">\n\t\t\t\t<div class=\"elementor-widget-container\">\n\t\t\t\t\t\t\t\t\t<div class=\"elementor-button-wrapper\">\n\t\t\t\t\t<a class=\"elementor-button elementor-size-sm\" role=\"button\">\n\t\t\t\t\t\t<span class=\"elementor-button-content-wrapper\">\n\t\t\t\t\t\t\t\t\t<span class=\"elementor-button-text\">PRODUTO ISENTO DE PRESCRI\u00c7\u00c3O<\/span>\n\t\t\t\t\t<\/span>\n\t\t\t\t\t<\/a>\n\t\t\t\t<\/div>\n\t\t\t\t\t\t\t\t<\/div>\n\t\t\t\t<\/div>\n\t\t\t\t<div class=\"elementor-element elementor-element-61d0c7ae elementor-align-center elementor-widget elementor-widget-button\" data-id=\"61d0c7ae\" data-element_type=\"widget\" data-widget_type=\"button.default\">\n\t\t\t\t<div class=\"elementor-widget-container\">\n\t\t\t\t\t\t\t\t\t<div class=\"elementor-button-wrapper\">\n\t\t\t\t\t<a class=\"elementor-button elementor-button-link elementor-size-sm elementor-animation-grow\" href=\"https:\/\/unichembrasil.com.br\/\/bulas\/bula_fexofenadina.pdf\" target=\"_blank\">\n\t\t\t\t\t\t<span class=\"elementor-button-content-wrapper\">\n\t\t\t\t\t\t<span class=\"elementor-button-icon\">\n\t\t\t\t<svg aria-hidden=\"true\" class=\"e-font-icon-svg e-far-file-pdf\" viewbox=\"0 0 384 512\" xmlns=\"http:\/\/www.w3.org\/2000\/svg\"><path d=\"M369.9 97.9L286 14C277 5 264.8-.1 252.1-.1H48C21.5 0 0 21.5 0 48v416c0 26.5 21.5 48 48 48h288c26.5 0 48-21.5 48-48V131.9c0-12.7-5.1-25-14.1-34zM332.1 128H256V51.9l76.1 76.1zM48 464V48h160v104c0 13.3 10.7 24 24 24h104v288H48zm250.2-143.7c-12.2-12-47-8.7-64.4-6.5-17.2-10.5-28.7-25-36.8-46.3 3.9-16.1 10.1-40.6 5.4-56-4.2-26.2-37.8-23.6-42.6-5.9-4.4 16.1-.4 38.5 7 67.1-10 23.9-24.9 56-35.4 74.4-20 10.3-47 26.2-51 46.2-3.3 15.8 26 55.2 76.1-31.2 22.4-7.4 46.8-16.5 68.4-20.1 18.9 10.2 41 17 55.8 17 25.5 0 28-28.2 17.5-38.7zm-198.1 77.8c5.1-13.7 24.5-29.5 30.4-35-19 30.3-30.4 35.7-30.4 35zm81.6-190.6c7.4 0 6.7 32.1 1.8 40.8-4.4-13.9-4.3-40.8-1.8-40.8zm-24.4 136.6c9.7-16.9 18-37 24.7-54.7 8.3 15.1 18.9 27.2 30.1 35.5-20.8 4.3-38.9 13.1-54.8 19.2zm131.6-5s-5 6-37.3-7.8c35.1-2.6 40.9 5.4 37.3 7.8z\"><\/path><\/svg>\t\t\t<\/span>\n\t\t\t\t\t\t\t\t\t<span class=\"elementor-button-text\">BULA DIGITAL<\/span>\n\t\t\t\t\t<\/span>\n\t\t\t\t\t<\/a>\n\t\t\t\t<\/div>\n\t\t\t\t\t\t\t\t<\/div>\n\t\t\t\t<\/div>\n\t\t\t\t<\/div>\n\t\t\t\t\t<\/div>\n\t\t\t\t<\/div>\n\t\t<div class=\"elementor-element elementor-element-884c905 e-flex e-con-boxed e-con e-parent\" data-id=\"884c905\" data-element_type=\"container\">\n\t\t\t\t\t<div class=\"e-con-inner\">\n\t\t\t\t<div class=\"elementor-element elementor-element-0bf4719 elementor-widget elementor-widget-heading\" data-id=\"0bf4719\" data-element_type=\"widget\" data-widget_type=\"heading.default\">\n\t\t\t\t<div class=\"elementor-widget-container\">\n\t\t\t\t\t<h2 class=\"elementor-heading-title elementor-size-default\"><a href=\"https:\/\/unichembrasil.com.br\/en\/produtos\/\">Clique aqui para voltar<\/a><\/h2>\t\t\t\t<\/div>\n\t\t\t\t<\/div>\n\t\t\t\t\t<\/div>\n\t\t\t\t<\/div>\n\t\t\t\t<\/div>","protected":false},"excerpt":{"rendered":"<p>Produtos Veja as informa\u00e7\u00f5es do produto Cloridrato de fexofenadina &#8211; Concentra\u00e7\u00e3o: 120mg&#8211; Forma: Comprimido revestido&#8211; Embalagem: 10 comprimidos &#8211; Concentra\u00e7\u00e3o: 180mg&#8211; Forma: Comprimido revestido&#8211; Embalagem: 10 comprimidos Imagem meramente ilustrativa Indica\u00e7\u00f5es: Esse medicamento \u00e9 indicado para o al\u00edvio das manifesta\u00e7\u00f5es al\u00e9rgicas tais como:rinite al\u00e9rgica incluindo espirros, obstru\u00e7\u00e3o nasal (nariz entupido);prurido (coceira) no nariz, no palato [&hellip;]<\/p>","protected":false},"author":1,"featured_media":0,"parent":807,"menu_order":0,"comment_status":"closed","ping_status":"closed","template":"elementor_header_footer","meta":{"footnotes":""},"class_list":["post-2210","page","type-page","status-publish","hentry"],"rttpg_featured_image_url":null,"rttpg_author":{"display_name":"licht","author_link":"https:\/\/unichembrasil.com.br\/en\/author\/licht\/"},"rttpg_comment":0,"rttpg_category":null,"rttpg_excerpt":"Produtos Veja as informa\u00e7\u00f5es do produto Cloridrato de fexofenadina &#8211; Concentra\u00e7\u00e3o: 120mg&#8211; Forma: Comprimido revestido&#8211; Embalagem: 10 comprimidos &#8211; Concentra\u00e7\u00e3o: 180mg&#8211; Forma: Comprimido revestido&#8211; Embalagem: 10 comprimidos Imagem meramente ilustrativa Indica\u00e7\u00f5es: Esse medicamento \u00e9 indicado para o al\u00edvio das manifesta\u00e7\u00f5es al\u00e9rgicas tais como:rinite al\u00e9rgica incluindo espirros, obstru\u00e7\u00e3o nasal (nariz entupido);prurido (coceira) no nariz, no palato&hellip;","_links":{"self":[{"href":"https:\/\/unichembrasil.com.br\/en\/wp-json\/wp\/v2\/pages\/2210","targetHints":{"allow":["GET"]}}],"collection":[{"href":"https:\/\/unichembrasil.com.br\/en\/wp-json\/wp\/v2\/pages"}],"about":[{"href":"https:\/\/unichembrasil.com.br\/en\/wp-json\/wp\/v2\/types\/page"}],"author":[{"embeddable":true,"href":"https:\/\/unichembrasil.com.br\/en\/wp-json\/wp\/v2\/users\/1"}],"replies":[{"embeddable":true,"href":"https:\/\/unichembrasil.com.br\/en\/wp-json\/wp\/v2\/comments?post=2210"}],"version-history":[{"count":16,"href":"https:\/\/unichembrasil.com.br\/en\/wp-json\/wp\/v2\/pages\/2210\/revisions"}],"predecessor-version":[{"id":2492,"href":"https:\/\/unichembrasil.com.br\/en\/wp-json\/wp\/v2\/pages\/2210\/revisions\/2492"}],"up":[{"embeddable":true,"href":"https:\/\/unichembrasil.com.br\/en\/wp-json\/wp\/v2\/pages\/807"}],"wp:attachment":[{"href":"https:\/\/unichembrasil.com.br\/en\/wp-json\/wp\/v2\/media?parent=2210"}],"curies":[{"name":"wp","href":"https:\/\/api.w.org\/{rel}","templated":true}]}}