{"id":2474,"date":"2024-09-09T16:18:32","date_gmt":"2024-09-09T19:18:32","guid":{"rendered":"http:\/\/unichem.provisorio.ws\/?page_id=2474"},"modified":"2024-09-09T16:37:21","modified_gmt":"2024-09-09T19:37:21","slug":"rosuvastatina-calcica","status":"publish","type":"page","link":"https:\/\/unichembrasil.com.br\/en\/produtos\/rosuvastatina-calcica\/","title":{"rendered":"Rosuvastatin calcium"},"content":{"rendered":"<div data-elementor-type=\"wp-page\" data-elementor-id=\"2474\" class=\"elementor elementor-2474\">\n\t\t\t\t<div class=\"elementor-element elementor-element-7721476 e-flex e-con-boxed e-con e-parent\" data-id=\"7721476\" data-element_type=\"container\" data-settings=\"{&quot;background_background&quot;:&quot;slideshow&quot;,&quot;background_slideshow_gallery&quot;:[{&quot;id&quot;:2093,&quot;url&quot;:&quot;https:\\\/\\\/unichembrasil.com.br\\\/wp-content\\\/uploads\\\/2024\\\/08\\\/backg-produtos.jpg&quot;}],&quot;background_slideshow_loop&quot;:&quot;yes&quot;,&quot;background_slideshow_slide_duration&quot;:5000,&quot;background_slideshow_slide_transition&quot;:&quot;fade&quot;,&quot;background_slideshow_transition_duration&quot;:500}\">\n\t\t\t\t\t<div class=\"e-con-inner\">\n\t\t\t\t<div class=\"elementor-element elementor-element-5574448 elementor-widget elementor-widget-heading\" data-id=\"5574448\" data-element_type=\"widget\" data-widget_type=\"heading.default\">\n\t\t\t\t<div class=\"elementor-widget-container\">\n\t\t\t\t\t<h2 class=\"elementor-heading-title elementor-size-default\">Products<\/h2>\t\t\t\t<\/div>\n\t\t\t\t<\/div>\n\t\t\t\t<div class=\"elementor-element elementor-element-8937215 elementor-widget elementor-widget-heading\" data-id=\"8937215\" data-element_type=\"widget\" data-widget_type=\"heading.default\">\n\t\t\t\t<div class=\"elementor-widget-container\">\n\t\t\t\t\t<h2 class=\"elementor-heading-title elementor-size-default\">Veja as informa\u00e7\u00f5es do produto<\/h2>\t\t\t\t<\/div>\n\t\t\t\t<\/div>\n\t\t\t\t\t<\/div>\n\t\t\t\t<\/div>\n\t\t<div class=\"elementor-element elementor-element-7896e27 e-flex e-con-boxed e-con e-parent\" data-id=\"7896e27\" data-element_type=\"container\">\n\t\t\t\t\t<div class=\"e-con-inner\">\n\t\t\t\t<div class=\"elementor-element elementor-element-789473d elementor-widget elementor-widget-heading\" data-id=\"789473d\" data-element_type=\"widget\" data-widget_type=\"heading.default\">\n\t\t\t\t<div class=\"elementor-widget-container\">\n\t\t\t\t\t<h2 class=\"elementor-heading-title elementor-size-default\">Rosuvastatin calcium<\/h2>\t\t\t\t<\/div>\n\t\t\t\t<\/div>\n\t\t\t\t<div class=\"elementor-element elementor-element-09c5e38 elementor-widget-divider--view-line elementor-widget elementor-widget-divider\" data-id=\"09c5e38\" data-element_type=\"widget\" data-widget_type=\"divider.default\">\n\t\t\t\t<div class=\"elementor-widget-container\">\n\t\t\t\t\t\t\t<div class=\"elementor-divider\">\n\t\t\t<span class=\"elementor-divider-separator\">\n\t\t\t\t\t\t<\/span>\n\t\t<\/div>\n\t\t\t\t\t\t<\/div>\n\t\t\t\t<\/div>\n\t\t\t\t\t<\/div>\n\t\t\t\t<\/div>\n\t\t<div class=\"elementor-element elementor-element-443f0d3 e-flex e-con-boxed e-con e-parent\" data-id=\"443f0d3\" data-element_type=\"container\">\n\t\t\t\t\t<div class=\"e-con-inner\">\n\t\t<div class=\"elementor-element elementor-element-261a111 e-con-full e-flex e-con e-child\" data-id=\"261a111\" data-element_type=\"container\">\n\t\t\t\t<div class=\"elementor-element elementor-element-a056bc1 elementor-widget elementor-widget-text-editor\" data-id=\"a056bc1\" data-element_type=\"widget\" data-widget_type=\"text-editor.default\">\n\t\t\t\t<div class=\"elementor-widget-container\">\n\t\t\t\t\t\t\t\t\t<p><strong>&#8211; Concentra\u00e7\u00e3o:<\/strong> 5mg<br \/><strong>&#8211; Forma:<\/strong> Comprimido revestido<br \/><strong>&#8211; Embalagem:<\/strong> 30 comprimidos<\/p>\t\t\t\t\t\t\t\t<\/div>\n\t\t\t\t<\/div>\n\t\t\t\t<div class=\"elementor-element elementor-element-8e22f9e elementor-widget-divider--view-line elementor-widget elementor-widget-divider\" data-id=\"8e22f9e\" data-element_type=\"widget\" data-widget_type=\"divider.default\">\n\t\t\t\t<div class=\"elementor-widget-container\">\n\t\t\t\t\t\t\t<div class=\"elementor-divider\">\n\t\t\t<span class=\"elementor-divider-separator\">\n\t\t\t\t\t\t<\/span>\n\t\t<\/div>\n\t\t\t\t\t\t<\/div>\n\t\t\t\t<\/div>\n\t\t\t\t<div class=\"elementor-element elementor-element-7c2e586 elementor-widget elementor-widget-text-editor\" data-id=\"7c2e586\" data-element_type=\"widget\" data-widget_type=\"text-editor.default\">\n\t\t\t\t<div class=\"elementor-widget-container\">\n\t\t\t\t\t\t\t\t\t<p><strong>&#8211; Concentra\u00e7\u00e3o:<\/strong> 10mg<br \/><strong>&#8211; Forma:<\/strong> Comprimido revestido<br \/><strong>&#8211; Embalagem:<\/strong> 30 comprimidos<\/p>\t\t\t\t\t\t\t\t<\/div>\n\t\t\t\t<\/div>\n\t\t\t\t<div class=\"elementor-element elementor-element-f34a5ac elementor-widget-divider--view-line elementor-widget elementor-widget-divider\" data-id=\"f34a5ac\" data-element_type=\"widget\" data-widget_type=\"divider.default\">\n\t\t\t\t<div class=\"elementor-widget-container\">\n\t\t\t\t\t\t\t<div class=\"elementor-divider\">\n\t\t\t<span class=\"elementor-divider-separator\">\n\t\t\t\t\t\t<\/span>\n\t\t<\/div>\n\t\t\t\t\t\t<\/div>\n\t\t\t\t<\/div>\n\t\t\t\t<div class=\"elementor-element elementor-element-7f1aa72 elementor-widget elementor-widget-text-editor\" data-id=\"7f1aa72\" data-element_type=\"widget\" data-widget_type=\"text-editor.default\">\n\t\t\t\t<div class=\"elementor-widget-container\">\n\t\t\t\t\t\t\t\t\t<p><strong>&#8211; Concentra\u00e7\u00e3o:<\/strong> 20mg<br \/><strong>&#8211; Forma:<\/strong> Comprimido revestido<br \/><strong>&#8211; Embalagem:<\/strong> 30 comprimidos<\/p>\t\t\t\t\t\t\t\t<\/div>\n\t\t\t\t<\/div>\n\t\t\t\t<\/div>\n\t\t<div class=\"elementor-element elementor-element-bac13ed e-con-full e-flex e-con e-child\" data-id=\"bac13ed\" data-element_type=\"container\">\n\t\t\t\t<div class=\"elementor-element elementor-element-e83a55c elementor-widget elementor-widget-image\" data-id=\"e83a55c\" data-element_type=\"widget\" data-widget_type=\"image.default\">\n\t\t\t\t<div class=\"elementor-widget-container\">\n\t\t\t\t\t\t\t\t\t\t\t\t\t\t\t<img fetchpriority=\"high\" decoding=\"async\" width=\"350\" height=\"385\" src=\"https:\/\/unichembrasil.com.br\/wp-content\/uploads\/2024\/08\/produto-com-prescricao-retencao.jpg\" class=\"attachment-full size-full wp-image-2059\" alt=\"\" \/>\t\t\t\t\t\t\t\t\t\t\t\t\t\t\t<\/div>\n\t\t\t\t<\/div>\n\t\t\t\t<div class=\"elementor-element elementor-element-7ff35e5 elementor-widget elementor-widget-heading\" data-id=\"7ff35e5\" data-element_type=\"widget\" data-widget_type=\"heading.default\">\n\t\t\t\t<div class=\"elementor-widget-container\">\n\t\t\t\t\t<h2 class=\"elementor-heading-title elementor-size-default\">Imagem meramente ilustrativa <\/h2>\t\t\t\t<\/div>\n\t\t\t\t<\/div>\n\t\t\t\t<\/div>\n\t\t<div class=\"elementor-element elementor-element-3a14afd e-con-full e-flex e-con e-child\" data-id=\"3a14afd\" data-element_type=\"container\">\n\t\t\t\t<div class=\"elementor-element elementor-element-faaa6f7 elementor-widget elementor-widget-text-editor\" data-id=\"faaa6f7\" data-element_type=\"widget\" data-widget_type=\"text-editor.default\">\n\t\t\t\t<div class=\"elementor-widget-container\">\n\t\t\t\t\t\t\t\t\t<p><strong>Indica\u00e7\u00f5es:<\/strong> Este medicamento \u00e9 indicado como auxiliar \u00e0 dieta quando a resposta \u00e0 dieta e aos exerc\u00edcios \u00e9 inadequada.<\/p>\t\t\t\t\t\t\t\t<\/div>\n\t\t\t\t<\/div>\n\t\t\t\t<div class=\"elementor-element elementor-element-13ba14d elementor-widget-divider--view-line elementor-widget elementor-widget-divider\" data-id=\"13ba14d\" data-element_type=\"widget\" data-widget_type=\"divider.default\">\n\t\t\t\t<div class=\"elementor-widget-container\">\n\t\t\t\t\t\t\t<div class=\"elementor-divider\">\n\t\t\t<span class=\"elementor-divider-separator\">\n\t\t\t\t\t\t<\/span>\n\t\t<\/div>\n\t\t\t\t\t\t<\/div>\n\t\t\t\t<\/div>\n\t\t\t\t<div class=\"elementor-element elementor-element-6fdb8a7 elementor-widget elementor-widget-text-editor\" data-id=\"6fdb8a7\" data-element_type=\"widget\" data-widget_type=\"text-editor.default\">\n\t\t\t\t<div class=\"elementor-widget-container\">\n\t\t\t\t\t\t\t\t\t<p><strong>Classe:<\/strong> antilip\u00eamicos<\/p>\t\t\t\t\t\t\t\t<\/div>\n\t\t\t\t<\/div>\n\t\t\t\t<div class=\"elementor-element elementor-element-5ea9537 elementor-align-center elementor-widget elementor-widget-button\" data-id=\"5ea9537\" data-element_type=\"widget\" data-widget_type=\"button.default\">\n\t\t\t\t<div class=\"elementor-widget-container\">\n\t\t\t\t\t\t\t\t\t<div class=\"elementor-button-wrapper\">\n\t\t\t\t\t<a class=\"elementor-button elementor-size-sm\" role=\"button\">\n\t\t\t\t\t\t<span class=\"elementor-button-content-wrapper\">\n\t\t\t\t\t\t\t\t\t<span class=\"elementor-button-text\">PRODUTO TARJADO<\/span>\n\t\t\t\t\t<\/span>\n\t\t\t\t\t<\/a>\n\t\t\t\t<\/div>\n\t\t\t\t\t\t\t\t<\/div>\n\t\t\t\t<\/div>\n\t\t\t\t<div class=\"elementor-element elementor-element-10e7e40 elementor-align-center elementor-widget elementor-widget-button\" data-id=\"10e7e40\" data-element_type=\"widget\" data-widget_type=\"button.default\">\n\t\t\t\t<div class=\"elementor-widget-container\">\n\t\t\t\t\t\t\t\t\t<div class=\"elementor-button-wrapper\">\n\t\t\t\t\t<a class=\"elementor-button elementor-button-link elementor-size-sm elementor-animation-grow\" href=\"https:\/\/unichembrasil.com.br\/bulas\/bula_rosuvastatina.pdf\" target=\"_blank\">\n\t\t\t\t\t\t<span class=\"elementor-button-content-wrapper\">\n\t\t\t\t\t\t<span class=\"elementor-button-icon\">\n\t\t\t\t<svg aria-hidden=\"true\" class=\"e-font-icon-svg e-far-file-pdf\" viewbox=\"0 0 384 512\" xmlns=\"http:\/\/www.w3.org\/2000\/svg\"><path d=\"M369.9 97.9L286 14C277 5 264.8-.1 252.1-.1H48C21.5 0 0 21.5 0 48v416c0 26.5 21.5 48 48 48h288c26.5 0 48-21.5 48-48V131.9c0-12.7-5.1-25-14.1-34zM332.1 128H256V51.9l76.1 76.1zM48 464V48h160v104c0 13.3 10.7 24 24 24h104v288H48zm250.2-143.7c-12.2-12-47-8.7-64.4-6.5-17.2-10.5-28.7-25-36.8-46.3 3.9-16.1 10.1-40.6 5.4-56-4.2-26.2-37.8-23.6-42.6-5.9-4.4 16.1-.4 38.5 7 67.1-10 23.9-24.9 56-35.4 74.4-20 10.3-47 26.2-51 46.2-3.3 15.8 26 55.2 76.1-31.2 22.4-7.4 46.8-16.5 68.4-20.1 18.9 10.2 41 17 55.8 17 25.5 0 28-28.2 17.5-38.7zm-198.1 77.8c5.1-13.7 24.5-29.5 30.4-35-19 30.3-30.4 35.7-30.4 35zm81.6-190.6c7.4 0 6.7 32.1 1.8 40.8-4.4-13.9-4.3-40.8-1.8-40.8zm-24.4 136.6c9.7-16.9 18-37 24.7-54.7 8.3 15.1 18.9 27.2 30.1 35.5-20.8 4.3-38.9 13.1-54.8 19.2zm131.6-5s-5 6-37.3-7.8c35.1-2.6 40.9 5.4 37.3 7.8z\"><\/path><\/svg>\t\t\t<\/span>\n\t\t\t\t\t\t\t\t\t<span class=\"elementor-button-text\">BULA DIGITAL<\/span>\n\t\t\t\t\t<\/span>\n\t\t\t\t\t<\/a>\n\t\t\t\t<\/div>\n\t\t\t\t\t\t\t\t<\/div>\n\t\t\t\t<\/div>\n\t\t\t\t<\/div>\n\t\t\t\t\t<\/div>\n\t\t\t\t<\/div>\n\t\t<div class=\"elementor-element elementor-element-3e73a54 e-flex e-con-boxed e-con e-parent\" data-id=\"3e73a54\" data-element_type=\"container\">\n\t\t\t\t\t<div class=\"e-con-inner\">\n\t\t\t\t<div class=\"elementor-element elementor-element-2326982 elementor-widget elementor-widget-heading\" data-id=\"2326982\" data-element_type=\"widget\" data-widget_type=\"heading.default\">\n\t\t\t\t<div class=\"elementor-widget-container\">\n\t\t\t\t\t<h2 class=\"elementor-heading-title elementor-size-default\"><a href=\"https:\/\/unichembrasil.com.br\/en\/produtos\/\">Clique aqui para voltar<\/a><\/h2>\t\t\t\t<\/div>\n\t\t\t\t<\/div>\n\t\t\t\t\t<\/div>\n\t\t\t\t<\/div>\n\t\t<div class=\"elementor-element elementor-element-b12d27c e-flex e-con-boxed e-con e-parent\" data-id=\"b12d27c\" data-element_type=\"container\">\n\t\t\t\t\t<div class=\"e-con-inner\">\n\t\t\t\t\t<\/div>\n\t\t\t\t<\/div>\n\t\t\t\t<\/div>","protected":false},"excerpt":{"rendered":"<p>Produtos Veja as informa\u00e7\u00f5es do produto Rosuvastatina c\u00e1lcica &#8211; Concentra\u00e7\u00e3o: 5mg&#8211; Forma: Comprimido revestido&#8211; Embalagem: 30 comprimidos &#8211; Concentra\u00e7\u00e3o: 10mg&#8211; Forma: Comprimido revestido&#8211; Embalagem: 30 comprimidos &#8211; Concentra\u00e7\u00e3o: 20mg&#8211; Forma: Comprimido revestido&#8211; Embalagem: 30 comprimidos Imagem meramente ilustrativa Indica\u00e7\u00f5es: Este medicamento \u00e9 indicado como auxiliar \u00e0 dieta quando a resposta \u00e0 dieta e aos exerc\u00edcios [&hellip;]<\/p>","protected":false},"author":1,"featured_media":0,"parent":807,"menu_order":0,"comment_status":"closed","ping_status":"closed","template":"elementor_header_footer","meta":{"footnotes":""},"class_list":["post-2474","page","type-page","status-publish","hentry"],"rttpg_featured_image_url":null,"rttpg_author":{"display_name":"licht","author_link":"https:\/\/unichembrasil.com.br\/en\/author\/licht\/"},"rttpg_comment":0,"rttpg_category":null,"rttpg_excerpt":"Produtos Veja as informa\u00e7\u00f5es do produto Rosuvastatina c\u00e1lcica &#8211; Concentra\u00e7\u00e3o: 5mg&#8211; Forma: Comprimido revestido&#8211; Embalagem: 30 comprimidos &#8211; Concentra\u00e7\u00e3o: 10mg&#8211; Forma: Comprimido revestido&#8211; Embalagem: 30 comprimidos &#8211; Concentra\u00e7\u00e3o: 20mg&#8211; Forma: Comprimido revestido&#8211; Embalagem: 30 comprimidos Imagem meramente ilustrativa Indica\u00e7\u00f5es: Este medicamento \u00e9 indicado como auxiliar \u00e0 dieta quando a resposta \u00e0 dieta e aos exerc\u00edcios&hellip;","_links":{"self":[{"href":"https:\/\/unichembrasil.com.br\/en\/wp-json\/wp\/v2\/pages\/2474","targetHints":{"allow":["GET"]}}],"collection":[{"href":"https:\/\/unichembrasil.com.br\/en\/wp-json\/wp\/v2\/pages"}],"about":[{"href":"https:\/\/unichembrasil.com.br\/en\/wp-json\/wp\/v2\/types\/page"}],"author":[{"embeddable":true,"href":"https:\/\/unichembrasil.com.br\/en\/wp-json\/wp\/v2\/users\/1"}],"replies":[{"embeddable":true,"href":"https:\/\/unichembrasil.com.br\/en\/wp-json\/wp\/v2\/comments?post=2474"}],"version-history":[{"count":4,"href":"https:\/\/unichembrasil.com.br\/en\/wp-json\/wp\/v2\/pages\/2474\/revisions"}],"predecessor-version":[{"id":2478,"href":"https:\/\/unichembrasil.com.br\/en\/wp-json\/wp\/v2\/pages\/2474\/revisions\/2478"}],"up":[{"embeddable":true,"href":"https:\/\/unichembrasil.com.br\/en\/wp-json\/wp\/v2\/pages\/807"}],"wp:attachment":[{"href":"https:\/\/unichembrasil.com.br\/en\/wp-json\/wp\/v2\/media?parent=2474"}],"curies":[{"name":"wp","href":"https:\/\/api.w.org\/{rel}","templated":true}]}}