{"id":2541,"date":"2024-09-17T14:26:41","date_gmt":"2024-09-17T17:26:41","guid":{"rendered":"http:\/\/unichem.provisorio.ws\/?page_id=2541"},"modified":"2024-09-17T14:43:02","modified_gmt":"2024-09-17T17:43:02","slug":"politica-de-privacidade","status":"publish","type":"page","link":"https:\/\/unichembrasil.com.br\/en\/politica-de-privacidade\/","title":{"rendered":"Privacy Policy"},"content":{"rendered":"<div data-elementor-type=\"wp-page\" data-elementor-id=\"2541\" class=\"elementor elementor-2541\">\n\t\t\t\t<div class=\"elementor-element elementor-element-628120b5 e-flex e-con-boxed e-con e-parent\" data-id=\"628120b5\" data-element_type=\"container\" data-settings=\"{&quot;background_background&quot;:&quot;slideshow&quot;,&quot;background_slideshow_gallery&quot;:[{&quot;id&quot;:2116,&quot;url&quot;:&quot;https:\\\/\\\/unichembrasil.com.br\\\/wp-content\\\/uploads\\\/2024\\\/08\\\/backg-ped-min.jpg&quot;}],&quot;background_slideshow_loop&quot;:&quot;yes&quot;,&quot;background_slideshow_slide_duration&quot;:5000,&quot;background_slideshow_slide_transition&quot;:&quot;fade&quot;,&quot;background_slideshow_transition_duration&quot;:500}\">\n\t\t\t\t\t<div class=\"e-con-inner\">\n\t\t\t\t<div class=\"elementor-element elementor-element-729db3ff elementor-widget elementor-widget-heading\" data-id=\"729db3ff\" data-element_type=\"widget\" data-widget_type=\"heading.default\">\n\t\t\t\t<div class=\"elementor-widget-container\">\n\t\t\t\t\t<h2 class=\"elementor-heading-title elementor-size-default\">Privacy Policy<\/h2>\t\t\t\t<\/div>\n\t\t\t\t<\/div>\n\t\t\t\t\t<\/div>\n\t\t\t\t<\/div>\n\t\t<div class=\"elementor-element elementor-element-684149dd e-flex e-con-boxed e-con e-parent\" data-id=\"684149dd\" data-element_type=\"container\">\n\t\t\t\t\t<div class=\"e-con-inner\">\n\t\t<div class=\"elementor-element elementor-element-470c39ed e-con-full e-flex e-con e-child\" data-id=\"470c39ed\" data-element_type=\"container\">\n\t\t\t\t<div class=\"elementor-element elementor-element-ae3a4d8 elementor-hidden-desktop elementor-hidden-tablet elementor-widget elementor-widget-spacer\" data-id=\"ae3a4d8\" data-element_type=\"widget\" data-widget_type=\"spacer.default\">\n\t\t\t\t<div class=\"elementor-widget-container\">\n\t\t\t\t\t\t\t<div class=\"elementor-spacer\">\n\t\t\t<div class=\"elementor-spacer-inner\"><\/div>\n\t\t<\/div>\n\t\t\t\t\t\t<\/div>\n\t\t\t\t<\/div>\n\t\t\t\t<div class=\"elementor-element elementor-element-72cfdba9 elementor-widget elementor-widget-heading\" data-id=\"72cfdba9\" data-element_type=\"widget\" data-widget_type=\"heading.default\">\n\t\t\t\t<div class=\"elementor-widget-container\">\n\t\t\t\t\t<h2 class=\"elementor-heading-title elementor-size-default\">Privacy Policy<\/h2>\t\t\t\t<\/div>\n\t\t\t\t<\/div>\n\t\t\t\t<div class=\"elementor-element elementor-element-cb16b79 elementor-widget elementor-widget-text-editor\" data-id=\"cb16b79\" data-element_type=\"widget\" data-widget_type=\"text-editor.default\">\n\t\t\t\t<div class=\"elementor-widget-container\">\n\t\t\t\t\t\t\t\t\t<p>N\u00f3s, da\u00a0<strong>UNICHEM FARMACEUTICA DO BRASIL<\/strong>., pessoa jur\u00eddica de direito privado, inscrita no CNPJ sob o n\u00b0 05.399.786\/0001-85, buscamos a melhor maneira de satisfazer as necessidades de nossos clientes e usu\u00e1rios. Somos uma empresa farmac\u00eautica presente em mais de 40 pa\u00edses que oferece produtos e servi\u00e7os para melhorar a vida das pessoas com qualidade e inova\u00e7\u00e3o e, por isso, em respeito \u00e0 privacidade e aos dados pessoais dos nossos consumidores, este documento descreve como (coletaremos, guardaremos, processaremos, compartilharemos, transferiremos ou de qualquer forma utilizaremos) as informa\u00e7\u00f5es que tivermos acesso em raz\u00e3o da utiliza\u00e7\u00e3o deste site, bem como as pr\u00e1ticas de privacidade adotadas para salvaguardar tais informa\u00e7\u00f5es, em especial observ\u00e2ncia \u00e0 Lei n\u00ba 13.709\/18 (\u201cLei Geral de Prote\u00e7\u00e3o de Dados\u201d ou \u201cLGPD\u201d).<\/p>\n<p><strong>Objetivos:<\/strong><\/p>\n<p>A Unichem se envolveu em atividades de Responsabilidade Social Corporativa (RSC) por d\u00e9cadas, que incluem promover cuidados de sa\u00fade, incluindo cuidados de sa\u00fade preventivos e saneamento e sustentabilidade ambiental, muito antes de as mesmas se tornarem uma responsabilidade obrigat\u00f3ria das empresas. Nossa filosofia de retribuir sempre foi uma prioridade. A Unichem, sendo uma empresa farmac\u00eautica, est\u00e1 naturalmente inclinada a melhorar a sa\u00fade do p\u00fablico em geral e \u00e9 conhecida por sua qualidade e confiabilidade ao longo dos anos.<\/p>\n<p><strong>Aplicabilidade:<br \/><\/strong>A Pol\u00edtica \u00e9 aplic\u00e1vel em toda a Unichem Laboratories Limited.<\/p>\n<p><strong>QUADRO INFORMATIVO<\/strong><\/p>\n<p><b>Termo: <\/b>Dado Pessoal<br \/><b>Conceito: <\/b>\u00c9 uma informa\u00e7\u00e3o relacionada a uma pessoa f\u00edsica e que seja capaz de identificar a pessoa ou tornar poss\u00edvel a sua identifica\u00e7\u00e3o.<br \/>S\u00e3o exemplos de dados pessoais que podem permitir a sua identifica\u00e7\u00e3o: Nome, CPF, telefone, e-mail, placa do seu ve\u00edculo etc.<b><\/b><\/p>\n<p><b>Termo: <\/b>Tratamento<br \/><b>Conceito: <\/b>\u00c9 toda forma de uso que podemos fazer dos seus Dados Pessoais, incluindo, mas n\u00e3o se limitando \u00e0s seguintes atividades: coleta, armazenamento, consulta, uso, compartilhamento, transmiss\u00e3o, classifica\u00e7\u00e3o, reprodu\u00e7\u00e3o, exclus\u00e3o e avalia\u00e7\u00e3o.<b><\/b><\/p>\n<p><b>Termo: <\/b>Usu\u00e1rio<br \/><b>Conceito:<\/b> \u00c9 voc\u00ea, a pessoa f\u00edsica, que utilizar\u00e1 o Site, maiores de 18 (dezoito) anos ou emancipadas e totalmente capazes de praticar os atos da vida civil ou os absolutamente ou relativamente incapazes devidamente representados ou assistidos.<b><\/b><\/p>\n<p><b>Termo: <\/b>Finalidade<br \/><b>Conceito: <\/b>O que a Unichem objetiva a partir do tratamento de dados.<b><\/b><\/p>\n<p><b>Termo: <\/b>Consentimento<br \/><b>Conceito: <\/b>Autoriza\u00e7\u00e3o livre, informada e inequ\u00edvoca (sem deixar d\u00favidas) pela qual o titular concorda com o tratamento de seus dados pessoais para uma finalidade previamente estipulada. Ap\u00f3s conceder o seu consentimento, voc\u00ea pode revog\u00e1-lo a qualquer momento. A revoga\u00e7\u00e3o do seu consentimento n\u00e3o cancela os processamentos realizados previamente a essa revoga\u00e7\u00e3o.<\/p>\n<p>Todas as disposi\u00e7\u00f5es desta Pol\u00edtica de Privacidade s\u00e3o extremamente importantes para a nossa rela\u00e7\u00e3o com voc\u00ea. Para facilitar a sua leitura, preparamos o quadro abaixo com os principais termos que voc\u00ea deve se atentar.\u00a0\u00a0<\/p>\n<p>Em nenhuma circunst\u00e2ncia a Unichem Farmac\u00eautica ou qualquer de seus parceiros ou fornecedores poder\u00e3o ser responsabilizadas por qualquer delito, neglig\u00eancia, descumprimento contratual ou outra hip\u00f3tese de il\u00edcito civil ou penal que venham a ser causados por voc\u00ea, sendo de sua total responsabilidade arcar com todos e quaisquer danos, monet\u00e1rios ou de outra natureza, decorrentes de sua atua\u00e7\u00e3o indireta, direta ou incidental, cabendo \u00e0 Unichem Farmac\u00eautica \u00a0o direito de regresso por tais situa\u00e7\u00f5es.<\/p>\n<p>Essa Pol\u00edtica de Privacidade \u00e9 regida pelas Leis da Rep\u00fablica Federativa do Brasil.\u00a0\u00a0\u00a0\u00a0<\/p>\n<p>Se Voc\u00ea acredita que seus Dados Pessoais foram usados de maneira incompat\u00edvel com esta Pol\u00edtica de Privacidade ou com as suas escolhas enquanto titular destes Dados Pessoais, ou, ainda, \u00a0caso haja outras d\u00favidas, coment\u00e1rios ou sugest\u00f5es relacionados a esta Pol\u00edtica, voc\u00ea pode entrar em contato com nosso time atrav\u00e9s do email <a href=\"mailto:sac@unichembrasil.com.br\">sac@unichembrasil.com.br<\/a>.<\/p>\n<p><strong>Mudan\u00e7as na Pol\u00edtica de Privacidade<\/strong><\/p>\n<p>Como estamos sempre buscando melhorar nossos Servi\u00e7os, essa Pol\u00edtica de Privacidade pode passar por atualiza\u00e7\u00f5es. Desta forma, recomendamos visitar periodicamente esta p\u00e1gina para que voc\u00ea tenha conhecimento sobre as modifica\u00e7\u00f5es. Caso sejam feitas altera\u00e7\u00f5es relevantes que necessitem de um novo consentimento seu, iremos publicar essa atualiza\u00e7\u00e3o e solicitar um novo consentimento para voc\u00ea.<\/p>\t\t\t\t\t\t\t\t<\/div>\n\t\t\t\t<\/div>\n\t\t\t\t<div class=\"elementor-element elementor-element-f3ba91e elementor-widget elementor-widget-spacer\" data-id=\"f3ba91e\" data-element_type=\"widget\" data-widget_type=\"spacer.default\">\n\t\t\t\t<div class=\"elementor-widget-container\">\n\t\t\t\t\t\t\t<div class=\"elementor-spacer\">\n\t\t\t<div class=\"elementor-spacer-inner\"><\/div>\n\t\t<\/div>\n\t\t\t\t\t\t<\/div>\n\t\t\t\t<\/div>\n\t\t\t\t<\/div>\n\t\t\t\t\t<\/div>\n\t\t\t\t<\/div>\n\t\t\t\t<\/div>","protected":false},"excerpt":{"rendered":"<p>Pol\u00edtica de Privacidade Pol\u00edtica de Privacidade N\u00f3s, da\u00a0UNICHEM FARMACEUTICA DO BRASIL., pessoa jur\u00eddica de direito privado, inscrita no CNPJ sob o n\u00b0 05.399.786\/0001-85, buscamos a melhor maneira de satisfazer as necessidades de nossos clientes e usu\u00e1rios. Somos uma empresa farmac\u00eautica presente em mais de 40 pa\u00edses que oferece produtos e servi\u00e7os para melhorar a vida [&hellip;]<\/p>","protected":false},"author":1,"featured_media":0,"parent":0,"menu_order":0,"comment_status":"closed","ping_status":"closed","template":"elementor_header_footer","meta":{"footnotes":""},"class_list":["post-2541","page","type-page","status-publish","hentry"],"rttpg_featured_image_url":null,"rttpg_author":{"display_name":"licht","author_link":"https:\/\/unichembrasil.com.br\/en\/author\/licht\/"},"rttpg_comment":0,"rttpg_category":null,"rttpg_excerpt":"Pol\u00edtica de Privacidade Pol\u00edtica de Privacidade N\u00f3s, da\u00a0UNICHEM FARMACEUTICA DO BRASIL., pessoa jur\u00eddica de direito privado, inscrita no CNPJ sob o n\u00b0 05.399.786\/0001-85, buscamos a melhor maneira de satisfazer as necessidades de nossos clientes e usu\u00e1rios. Somos uma empresa farmac\u00eautica presente em mais de 40 pa\u00edses que oferece produtos e servi\u00e7os para melhorar a vida&hellip;","_links":{"self":[{"href":"https:\/\/unichembrasil.com.br\/en\/wp-json\/wp\/v2\/pages\/2541","targetHints":{"allow":["GET"]}}],"collection":[{"href":"https:\/\/unichembrasil.com.br\/en\/wp-json\/wp\/v2\/pages"}],"about":[{"href":"https:\/\/unichembrasil.com.br\/en\/wp-json\/wp\/v2\/types\/page"}],"author":[{"embeddable":true,"href":"https:\/\/unichembrasil.com.br\/en\/wp-json\/wp\/v2\/users\/1"}],"replies":[{"embeddable":true,"href":"https:\/\/unichembrasil.com.br\/en\/wp-json\/wp\/v2\/comments?post=2541"}],"version-history":[{"count":10,"href":"https:\/\/unichembrasil.com.br\/en\/wp-json\/wp\/v2\/pages\/2541\/revisions"}],"predecessor-version":[{"id":2552,"href":"https:\/\/unichembrasil.com.br\/en\/wp-json\/wp\/v2\/pages\/2541\/revisions\/2552"}],"wp:attachment":[{"href":"https:\/\/unichembrasil.com.br\/en\/wp-json\/wp\/v2\/media?parent=2541"}],"curies":[{"name":"wp","href":"https:\/\/api.w.org\/{rel}","templated":true}]}}